{"id":14560,"date":"2021-03-04T17:55:05","date_gmt":"2021-03-04T17:55:05","guid":{"rendered":"https:\/\/lifescinutritionals.com\/?page_id=14560"},"modified":"2024-11-14T16:28:44","modified_gmt":"2024-11-14T16:28:44","slug":"bonbons-gelifies-de-prebiotiques-et-probiotiques-de-marque-privee-ou-personnalisee","status":"publish","type":"page","link":"https:\/\/lifescinutritionals.com\/fr\/produits\/bonbons-gelifies-de-prebiotiques-et-probiotiques-de-marque-privee-ou-personnalisee\/","title":{"rendered":"Bonbons g\u00e9lifi\u00e9s de pr\u00e9biotiques et probiotiques de marque priv\u00e9e ou personnalis\u00e9e"},"content":{"rendered":"<p>Les pr\u00e9biotiques et les probiotiques aident le corps \u00e0 d\u00e9velopper et \u00e0 maintenir une saine colonie de bact\u00e9ries et autres micro-organismes, ce qui aide l&rsquo;intestin et facilite la digestion. *<\/p>\n<p>Les pr\u00e9biotiques sont des fibres sp\u00e9cialis\u00e9es qui aident \u00e0 nourrir les bact\u00e9ries vivant dans le tube digestif; ils sont la source de nourriture pr\u00e9f\u00e9r\u00e9e pour les \u00ab bonnes bact\u00e9ries \u00bb probiotiques.<\/p>\n<p>Les probiotiques sont les \u00ab bonnes bact\u00e9ries \u00bb qui peuvent offrir de nombreux avantages pour la sant\u00e9, notamment en soutenant votre sant\u00e9 digestive et immunitaire. *<\/p>\n<p>Notre \u00e9quipe de R&#038;D d\u00e9vou\u00e9e a d\u00e9velopp\u00e9 plusieurs combinaisons de bonbons g\u00e9lifi\u00e9s de pr\u00e9biotiques et probiotiques pour soutenir la sant\u00e9 digestive.<\/p>\n<p>Chez LSN, nous n&rsquo;utilisons que des pr\u00e9biotiques et des probiotiques cliniquement \u00e9tudi\u00e9s. Par exemple, la fibre d&rsquo;inuline, la fibre de polydextrose, la maltodextrine r\u00e9sistante et le b\u00eata-glucane peuvent \u00eatre utilis\u00e9s en combinaison avec les probiotiques B. coagulans et B. subtilis.<\/p>\n<p><a class=\"button-link\" href=\"https:\/\/lifescinutritionals.com\/wp-content\/uploads\/LSN-stock-formula-program.pdf\" target=\"_blank\" rel=\"noopener noreferrer\" aria-label=\"Consultez notre catalogue complet (s'ouvre dans un nouvel onglet)\">Consultez notre catalogue complet<\/a><\/p>\n<p><em><strong>*<\/strong> * Cette d\u00e9claration n&rsquo;a pas \u00e9t\u00e9 \u00e9valu\u00e9e par la Food and Drug Administration. Ce produit n&rsquo;est pas destin\u00e9 \u00e0 diagnostiquer, traiter, gu\u00e9rir ou pr\u00e9venir une maladie.<\/em><\/p>\n","protected":false},"excerpt":{"rendered":"<p>Les pr\u00e9biotiques et les probiotiques aident le corps \u00e0 d\u00e9velopper et \u00e0 maintenir une saine colonie de bact\u00e9ries et autres micro-organismes, ce qui aide l&rsquo;intestin et facilite la digestion. * Les pr\u00e9biotiques sont des fibres sp\u00e9cialis\u00e9es qui aident \u00e0 nourrir les bact\u00e9ries vivant dans le tube digestif; ils sont la source de nourriture pr\u00e9f\u00e9r\u00e9e pour [&hellip;]<\/p>\n","protected":false},"author":2,"featured_media":0,"parent":14556,"menu_order":0,"comment_status":"closed","ping_status":"closed","template":"","meta":{"_acf_changed":false,"footnotes":""},"class_list":["post-14560","page","type-page","status-publish","hentry"],"acf":[],"yoast_head":"<!-- This site is optimized with the Yoast SEO plugin v27.5 - https:\/\/yoast.com\/product\/yoast-seo-wordpress\/ -->\n<title>Fabricant de Suppl\u00e9ments G\u00e9lifi\u00e9s - Probiotiques sous Forme de G\u00e9lifi\u00e9s - Life Science Nutritionals - Acton Vale, Quebec<\/title>\n<meta name=\"description\" content=\"Life Science Nutritionals (LSN) est le principal fabricant contractuel de syst\u00e8mes de distribution de confiseries enrichies pour les march\u00e9s probiotiques. Nous fabriquons \u00e9galement des bonbons g\u00e9lifi\u00e9s certifi\u00e9s biologiques et sans OGM avec des ingr\u00e9dients de la plus haute qualit\u00e9\" \/>\n<meta name=\"robots\" content=\"index, follow, max-snippet:-1, max-image-preview:large, max-video-preview:-1\" \/>\n<link rel=\"canonical\" href=\"https:\/\/lifescinutritionals.com\/fr\/produits\/bonbons-gelifies-de-prebiotiques-et-probiotiques-de-marque-privee-ou-personnalisee\/\" \/>\n<meta property=\"og:locale\" content=\"fr_FR\" \/>\n<meta property=\"og:type\" content=\"article\" \/>\n<meta property=\"og:title\" content=\"Fabricant de Suppl\u00e9ments G\u00e9lifi\u00e9s - Probiotiques sous Forme de G\u00e9lifi\u00e9s - Life Science Nutritionals - Acton Vale, Quebec\" \/>\n<meta property=\"og:description\" content=\"Life Science Nutritionals (LSN) est le principal fabricant contractuel de syst\u00e8mes de distribution de confiseries enrichies pour les march\u00e9s probiotiques. Nous fabriquons \u00e9galement des bonbons g\u00e9lifi\u00e9s certifi\u00e9s biologiques et sans OGM avec des ingr\u00e9dients de la plus haute qualit\u00e9\" \/>\n<meta property=\"og:url\" content=\"https:\/\/lifescinutritionals.com\/fr\/produits\/bonbons-gelifies-de-prebiotiques-et-probiotiques-de-marque-privee-ou-personnalisee\/\" \/>\n<meta property=\"og:site_name\" content=\"Life Science Nutritionals\" \/>\n<meta property=\"article:publisher\" content=\"https:\/\/www.facebook.com\/lsncanada\/\" \/>\n<meta property=\"article:modified_time\" content=\"2024-11-14T16:28:44+00:00\" \/>\n<meta name=\"twitter:card\" content=\"summary_large_image\" \/>\n<meta name=\"twitter:label1\" content=\"Dur\u00e9e de lecture estim\u00e9e\" \/>\n\t<meta name=\"twitter:data1\" content=\"1 minute\" \/>\n<script type=\"application\/ld+json\" class=\"yoast-schema-graph\">{\"@context\":\"https:\\\/\\\/schema.org\",\"@graph\":[{\"@type\":\"WebPage\",\"@id\":\"https:\\\/\\\/lifescinutritionals.com\\\/fr\\\/produits\\\/bonbons-gelifies-de-prebiotiques-et-probiotiques-de-marque-privee-ou-personnalisee\\\/\",\"url\":\"https:\\\/\\\/lifescinutritionals.com\\\/fr\\\/produits\\\/bonbons-gelifies-de-prebiotiques-et-probiotiques-de-marque-privee-ou-personnalisee\\\/\",\"name\":\"Fabricant de Suppl\u00e9ments G\u00e9lifi\u00e9s - Probiotiques sous Forme de G\u00e9lifi\u00e9s - Life Science Nutritionals - Acton Vale, Quebec\",\"isPartOf\":{\"@id\":\"https:\\\/\\\/lifescinutritionals.com\\\/fr\\\/#website\"},\"datePublished\":\"2021-03-04T17:55:05+00:00\",\"dateModified\":\"2024-11-14T16:28:44+00:00\",\"description\":\"Life Science Nutritionals (LSN) est le principal fabricant contractuel de syst\u00e8mes de distribution de confiseries enrichies pour les march\u00e9s probiotiques. Nous fabriquons \u00e9galement des bonbons g\u00e9lifi\u00e9s certifi\u00e9s biologiques et sans OGM avec des ingr\u00e9dients de la plus haute qualit\u00e9\",\"breadcrumb\":{\"@id\":\"https:\\\/\\\/lifescinutritionals.com\\\/fr\\\/produits\\\/bonbons-gelifies-de-prebiotiques-et-probiotiques-de-marque-privee-ou-personnalisee\\\/#breadcrumb\"},\"inLanguage\":\"fr-FR\",\"potentialAction\":[{\"@type\":\"ReadAction\",\"target\":[\"https:\\\/\\\/lifescinutritionals.com\\\/fr\\\/produits\\\/bonbons-gelifies-de-prebiotiques-et-probiotiques-de-marque-privee-ou-personnalisee\\\/\"]}]},{\"@type\":\"BreadcrumbList\",\"@id\":\"https:\\\/\\\/lifescinutritionals.com\\\/fr\\\/produits\\\/bonbons-gelifies-de-prebiotiques-et-probiotiques-de-marque-privee-ou-personnalisee\\\/#breadcrumb\",\"itemListElement\":[{\"@type\":\"ListItem\",\"position\":1,\"name\":\"Home\",\"item\":\"https:\\\/\\\/lifescinutritionals.com\\\/fr\\\/\"},{\"@type\":\"ListItem\",\"position\":2,\"name\":\"Produits\",\"item\":\"https:\\\/\\\/lifescinutritionals.com\\\/fr\\\/produits\\\/\"},{\"@type\":\"ListItem\",\"position\":3,\"name\":\"Bonbons g\u00e9lifi\u00e9s de pr\u00e9biotiques et probiotiques de marque priv\u00e9e ou personnalis\u00e9e\"}]},{\"@type\":\"WebSite\",\"@id\":\"https:\\\/\\\/lifescinutritionals.com\\\/fr\\\/#website\",\"url\":\"https:\\\/\\\/lifescinutritionals.com\\\/fr\\\/\",\"name\":\"Life Science Nutritionals\",\"description\":\"\",\"publisher\":{\"@id\":\"https:\\\/\\\/lifescinutritionals.com\\\/fr\\\/#organization\"},\"potentialAction\":[{\"@type\":\"SearchAction\",\"target\":{\"@type\":\"EntryPoint\",\"urlTemplate\":\"https:\\\/\\\/lifescinutritionals.com\\\/fr\\\/?s={search_term_string}\"},\"query-input\":{\"@type\":\"PropertyValueSpecification\",\"valueRequired\":true,\"valueName\":\"search_term_string\"}}],\"inLanguage\":\"fr-FR\"},{\"@type\":\"Organization\",\"@id\":\"https:\\\/\\\/lifescinutritionals.com\\\/fr\\\/#organization\",\"name\":\"Life Science Nutritionals\",\"url\":\"https:\\\/\\\/lifescinutritionals.com\\\/fr\\\/\",\"logo\":{\"@type\":\"ImageObject\",\"inLanguage\":\"fr-FR\",\"@id\":\"https:\\\/\\\/lifescinutritionals.com\\\/fr\\\/#\\\/schema\\\/logo\\\/image\\\/\",\"url\":\"https:\\\/\\\/lifescinutritionals.com\\\/wp-content\\\/uploads\\\/logo-LSN-horizontal-min.jpg\",\"contentUrl\":\"https:\\\/\\\/lifescinutritionals.com\\\/wp-content\\\/uploads\\\/logo-LSN-horizontal-min.jpg\",\"width\":575,\"height\":133,\"caption\":\"Life Science Nutritionals\"},\"image\":{\"@id\":\"https:\\\/\\\/lifescinutritionals.com\\\/fr\\\/#\\\/schema\\\/logo\\\/image\\\/\"},\"sameAs\":[\"https:\\\/\\\/www.facebook.com\\\/lsncanada\\\/\"]}]}<\/script>\n<!-- \/ Yoast SEO plugin. -->","yoast_head_json":{"title":"Fabricant de Suppl\u00e9ments G\u00e9lifi\u00e9s - Probiotiques sous Forme de G\u00e9lifi\u00e9s - Life Science Nutritionals - Acton Vale, Quebec","description":"Life Science Nutritionals (LSN) est le principal fabricant contractuel de syst\u00e8mes de distribution de confiseries enrichies pour les march\u00e9s probiotiques. Nous fabriquons \u00e9galement des bonbons g\u00e9lifi\u00e9s certifi\u00e9s biologiques et sans OGM avec des ingr\u00e9dients de la plus haute qualit\u00e9","robots":{"index":"index","follow":"follow","max-snippet":"max-snippet:-1","max-image-preview":"max-image-preview:large","max-video-preview":"max-video-preview:-1"},"canonical":"https:\/\/lifescinutritionals.com\/fr\/produits\/bonbons-gelifies-de-prebiotiques-et-probiotiques-de-marque-privee-ou-personnalisee\/","og_locale":"fr_FR","og_type":"article","og_title":"Fabricant de Suppl\u00e9ments G\u00e9lifi\u00e9s - Probiotiques sous Forme de G\u00e9lifi\u00e9s - Life Science Nutritionals - Acton Vale, Quebec","og_description":"Life Science Nutritionals (LSN) est le principal fabricant contractuel de syst\u00e8mes de distribution de confiseries enrichies pour les march\u00e9s probiotiques. Nous fabriquons \u00e9galement des bonbons g\u00e9lifi\u00e9s certifi\u00e9s biologiques et sans OGM avec des ingr\u00e9dients de la plus haute qualit\u00e9","og_url":"https:\/\/lifescinutritionals.com\/fr\/produits\/bonbons-gelifies-de-prebiotiques-et-probiotiques-de-marque-privee-ou-personnalisee\/","og_site_name":"Life Science Nutritionals","article_publisher":"https:\/\/www.facebook.com\/lsncanada\/","article_modified_time":"2024-11-14T16:28:44+00:00","twitter_card":"summary_large_image","twitter_misc":{"Dur\u00e9e de lecture estim\u00e9e":"1 minute"},"schema":{"@context":"https:\/\/schema.org","@graph":[{"@type":"WebPage","@id":"https:\/\/lifescinutritionals.com\/fr\/produits\/bonbons-gelifies-de-prebiotiques-et-probiotiques-de-marque-privee-ou-personnalisee\/","url":"https:\/\/lifescinutritionals.com\/fr\/produits\/bonbons-gelifies-de-prebiotiques-et-probiotiques-de-marque-privee-ou-personnalisee\/","name":"Fabricant de Suppl\u00e9ments G\u00e9lifi\u00e9s - Probiotiques sous Forme de G\u00e9lifi\u00e9s - Life Science Nutritionals - Acton Vale, Quebec","isPartOf":{"@id":"https:\/\/lifescinutritionals.com\/fr\/#website"},"datePublished":"2021-03-04T17:55:05+00:00","dateModified":"2024-11-14T16:28:44+00:00","description":"Life Science Nutritionals (LSN) est le principal fabricant contractuel de syst\u00e8mes de distribution de confiseries enrichies pour les march\u00e9s probiotiques. Nous fabriquons \u00e9galement des bonbons g\u00e9lifi\u00e9s certifi\u00e9s biologiques et sans OGM avec des ingr\u00e9dients de la plus haute qualit\u00e9","breadcrumb":{"@id":"https:\/\/lifescinutritionals.com\/fr\/produits\/bonbons-gelifies-de-prebiotiques-et-probiotiques-de-marque-privee-ou-personnalisee\/#breadcrumb"},"inLanguage":"fr-FR","potentialAction":[{"@type":"ReadAction","target":["https:\/\/lifescinutritionals.com\/fr\/produits\/bonbons-gelifies-de-prebiotiques-et-probiotiques-de-marque-privee-ou-personnalisee\/"]}]},{"@type":"BreadcrumbList","@id":"https:\/\/lifescinutritionals.com\/fr\/produits\/bonbons-gelifies-de-prebiotiques-et-probiotiques-de-marque-privee-ou-personnalisee\/#breadcrumb","itemListElement":[{"@type":"ListItem","position":1,"name":"Home","item":"https:\/\/lifescinutritionals.com\/fr\/"},{"@type":"ListItem","position":2,"name":"Produits","item":"https:\/\/lifescinutritionals.com\/fr\/produits\/"},{"@type":"ListItem","position":3,"name":"Bonbons g\u00e9lifi\u00e9s de pr\u00e9biotiques et probiotiques de marque priv\u00e9e ou personnalis\u00e9e"}]},{"@type":"WebSite","@id":"https:\/\/lifescinutritionals.com\/fr\/#website","url":"https:\/\/lifescinutritionals.com\/fr\/","name":"Life Science Nutritionals","description":"","publisher":{"@id":"https:\/\/lifescinutritionals.com\/fr\/#organization"},"potentialAction":[{"@type":"SearchAction","target":{"@type":"EntryPoint","urlTemplate":"https:\/\/lifescinutritionals.com\/fr\/?s={search_term_string}"},"query-input":{"@type":"PropertyValueSpecification","valueRequired":true,"valueName":"search_term_string"}}],"inLanguage":"fr-FR"},{"@type":"Organization","@id":"https:\/\/lifescinutritionals.com\/fr\/#organization","name":"Life Science Nutritionals","url":"https:\/\/lifescinutritionals.com\/fr\/","logo":{"@type":"ImageObject","inLanguage":"fr-FR","@id":"https:\/\/lifescinutritionals.com\/fr\/#\/schema\/logo\/image\/","url":"https:\/\/lifescinutritionals.com\/wp-content\/uploads\/logo-LSN-horizontal-min.jpg","contentUrl":"https:\/\/lifescinutritionals.com\/wp-content\/uploads\/logo-LSN-horizontal-min.jpg","width":575,"height":133,"caption":"Life Science Nutritionals"},"image":{"@id":"https:\/\/lifescinutritionals.com\/fr\/#\/schema\/logo\/image\/"},"sameAs":["https:\/\/www.facebook.com\/lsncanada\/"]}]}},"_links":{"self":[{"href":"https:\/\/lifescinutritionals.com\/fr\/wp-json\/wp\/v2\/pages\/14560","targetHints":{"allow":["GET"]}}],"collection":[{"href":"https:\/\/lifescinutritionals.com\/fr\/wp-json\/wp\/v2\/pages"}],"about":[{"href":"https:\/\/lifescinutritionals.com\/fr\/wp-json\/wp\/v2\/types\/page"}],"author":[{"embeddable":true,"href":"https:\/\/lifescinutritionals.com\/fr\/wp-json\/wp\/v2\/users\/2"}],"replies":[{"embeddable":true,"href":"https:\/\/lifescinutritionals.com\/fr\/wp-json\/wp\/v2\/comments?post=14560"}],"version-history":[{"count":4,"href":"https:\/\/lifescinutritionals.com\/fr\/wp-json\/wp\/v2\/pages\/14560\/revisions"}],"predecessor-version":[{"id":14715,"href":"https:\/\/lifescinutritionals.com\/fr\/wp-json\/wp\/v2\/pages\/14560\/revisions\/14715"}],"up":[{"embeddable":true,"href":"https:\/\/lifescinutritionals.com\/fr\/wp-json\/wp\/v2\/pages\/14556"}],"wp:attachment":[{"href":"https:\/\/lifescinutritionals.com\/fr\/wp-json\/wp\/v2\/media?parent=14560"}],"curies":[{"name":"wp","href":"https:\/\/api.w.org\/{rel}","templated":true}]}}