{"id":14556,"date":"2021-03-04T17:50:31","date_gmt":"2021-03-04T17:50:31","guid":{"rendered":"https:\/\/lifescinutritionals.com\/?page_id=14556"},"modified":"2026-04-21T19:19:14","modified_gmt":"2026-04-21T19:19:14","slug":"produits","status":"publish","type":"page","link":"https:\/\/lifescinutritionals.com\/fr\/produits\/","title":{"rendered":"Produits"},"content":{"rendered":"<h2>Gammes de produits actuels<\/h2>\n<p>Life Science Nutritionals produit et emballe les produits suivants:<\/p>\n<div class=\"product-grid\">\n<div class=\"product-flex prod\"><img decoding=\"async\" class=\"aligncenter size-full wp-image-190\" src=\"https:\/\/lifescinutritionals.com\/wp-content\/uploads\/LSN_Probiotic_FR-copy.jpg\" alt=\"\" width=\"auto\" style=\"height:100%;\" \/><\/p>\n<div class=\"prod-desc\">\n<h2>Des probiotiques sous forme de g\u00e9lifi\u00e9s de marque priv\u00e9e ou personnalis\u00e9e<\/h2>\n<p><a class=\"prod-link\" href=\"https:\/\/lifescinutritionals.com\/fr\/produits\/bonbons-gelifies-probiotiques-de-marque-privee-ou-personnalisee\/\"> Lire la suite<\/a><\/p>\n<\/div>\n<\/div>\n<div class=\"product-flex prod\"><img decoding=\"async\" class=\"aligncenter size-full wp-image-190\" src=\"https:\/\/lifescinutritionals.com\/wp-content\/uploads\/LSN_PrePro_FR-copy.jpg\" alt=\"\" width=\"auto\" style=\"height:100%;\" \/><\/p>\n<div class=\"prod-desc\">\n<h2>Des pr\u00e9biotiques et probiotiques sous forme g\u00e9lifi\u00e9s de marque priv\u00e9e ou personnalis\u00e9e<\/h2>\n<p><a class=\"prod-link\" href=\"https:\/\/lifescinutritionals.com\/fr\/produits\/bonbons-gelifies-de-prebiotiques-et-probiotiques-de-marque-privee-ou-personnalisee\/\"> Lire la suite<\/a><\/p>\n<\/div>\n<\/div>\n<div class=\"product-flex prod\"><img decoding=\"async\" class=\"aligncenter size-full wp-image-189\" src=\"https:\/\/lifescinutritionals.com\/wp-content\/uploads\/LSN_ProBotanicals_FR-copy.jpg\" alt=\"\" width=\"auto\" style=\"height:100%;\" \/><\/p>\n<div class=\"prod-desc\">\n<h2>Des probiotiques de marque priv\u00e9e ou personnalis\u00e9e avec vitamines, min\u00e9raux et plantes m\u00e9dicinales<\/h2>\n<p><a class=\"prod-link\" href=\"https:\/\/lifescinutritionals.com\/fr\/produits\/probiotiques-de-marque-privee-ou-personnalisee-avec-vitamines-mineraux-et-plantes-medicinales\/\"> Lire la suite<\/a><\/p>\n<\/div>\n<\/div>\n<div class=\"product-flex prod\"><img decoding=\"async\" class=\"aligncenter size-full wp-image-191\" src=\"https:\/\/lifescinutritionals.com\/wp-content\/uploads\/LSN_AEIK-1-scaled.jpg\" alt=\"\" width=\"auto\" style=\"height:100%;\" \/><\/p>\n<div class=\"prod-desc\">\n<h2>Essentials Gummies<\/h2>\n<p><a class=\"prod-link\" href=\"https:\/\/essentialsgummies.com\/\" target=\"_blank\" rel=\"noopener noreferrer\" aria-label=\"Visitez (s'ouvre dans un nouvel onglet)\">Visitez<\/a>\n<\/div>\n<\/div>\n<\/div>\n","protected":false},"excerpt":{"rendered":"<p>Gammes de produits actuels Life Science Nutritionals produit et emballe les produits suivants: Des probiotiques sous forme de g\u00e9lifi\u00e9s de marque priv\u00e9e ou personnalis\u00e9e Lire la suite Des pr\u00e9biotiques et probiotiques sous forme g\u00e9lifi\u00e9s de marque priv\u00e9e ou personnalis\u00e9e Lire la suite Des probiotiques de marque priv\u00e9e ou personnalis\u00e9e avec vitamines, min\u00e9raux et plantes m\u00e9dicinales [&hellip;]<\/p>\n","protected":false},"author":2,"featured_media":0,"parent":0,"menu_order":0,"comment_status":"closed","ping_status":"closed","template":"","meta":{"_acf_changed":false,"footnotes":""},"class_list":["post-14556","page","type-page","status-publish","hentry"],"acf":[],"yoast_head":"<!-- This site is optimized with the Yoast SEO plugin v27.5 - https:\/\/yoast.com\/product\/yoast-seo-wordpress\/ -->\n<title>Fabricant de Suppl\u00e9ments G\u00e9lifi\u00e9s - Probiotiques sous Forme de G\u00e9lifi\u00e9s - Life Science Nutritionals - Acton Vale, Quebec<\/title>\n<meta name=\"description\" content=\"Life Science Nutritionals (LSN) est le principal fabricant contractuel de syst\u00e8mes de distribution de confiseries enrichies pour les march\u00e9s probiotiques. Nous fabriquons \u00e9galement des bonbons g\u00e9lifi\u00e9s certifi\u00e9s biologiques et sans OGM avec des ingr\u00e9dients de la plus haute qualit\u00e9\" \/>\n<meta name=\"robots\" content=\"index, follow, max-snippet:-1, max-image-preview:large, max-video-preview:-1\" \/>\n<link rel=\"canonical\" href=\"https:\/\/lifescinutritionals.com\/fr\/produits\/\" \/>\n<meta property=\"og:locale\" content=\"fr_FR\" \/>\n<meta property=\"og:type\" content=\"article\" \/>\n<meta property=\"og:title\" content=\"Fabricant de Suppl\u00e9ments G\u00e9lifi\u00e9s - Probiotiques sous Forme de G\u00e9lifi\u00e9s - Life Science Nutritionals - Acton Vale, Quebec\" \/>\n<meta property=\"og:description\" content=\"Life Science Nutritionals (LSN) est le principal fabricant contractuel de syst\u00e8mes de distribution de confiseries enrichies pour les march\u00e9s probiotiques. Nous fabriquons \u00e9galement des bonbons g\u00e9lifi\u00e9s certifi\u00e9s biologiques et sans OGM avec des ingr\u00e9dients de la plus haute qualit\u00e9\" \/>\n<meta property=\"og:url\" content=\"https:\/\/lifescinutritionals.com\/fr\/produits\/\" \/>\n<meta property=\"og:site_name\" content=\"Life Science Nutritionals\" \/>\n<meta property=\"article:publisher\" content=\"https:\/\/www.facebook.com\/lsncanada\/\" \/>\n<meta property=\"article:modified_time\" content=\"2026-04-21T19:19:14+00:00\" \/>\n<meta property=\"og:image\" content=\"https:\/\/lifescinutritionals.com\/wp-content\/uploads\/bottle-ga.png\" \/>\n\t<meta property=\"og:image:width\" content=\"150\" \/>\n\t<meta property=\"og:image:height\" content=\"250\" \/>\n\t<meta property=\"og:image:type\" content=\"image\/png\" \/>\n<meta name=\"twitter:card\" content=\"summary_large_image\" \/>\n<meta name=\"twitter:label1\" content=\"Dur\u00e9e de lecture estim\u00e9e\" \/>\n\t<meta name=\"twitter:data1\" content=\"2 minutes\" \/>\n<script type=\"application\/ld+json\" class=\"yoast-schema-graph\">{\"@context\":\"https:\\\/\\\/schema.org\",\"@graph\":[{\"@type\":\"WebPage\",\"@id\":\"https:\\\/\\\/lifescinutritionals.com\\\/fr\\\/produits\\\/\",\"url\":\"https:\\\/\\\/lifescinutritionals.com\\\/fr\\\/produits\\\/\",\"name\":\"Fabricant de Suppl\u00e9ments G\u00e9lifi\u00e9s - Probiotiques sous Forme de G\u00e9lifi\u00e9s - Life Science Nutritionals - Acton Vale, Quebec\",\"isPartOf\":{\"@id\":\"https:\\\/\\\/lifescinutritionals.com\\\/fr\\\/#website\"},\"primaryImageOfPage\":{\"@id\":\"https:\\\/\\\/lifescinutritionals.com\\\/fr\\\/produits\\\/#primaryimage\"},\"image\":{\"@id\":\"https:\\\/\\\/lifescinutritionals.com\\\/fr\\\/produits\\\/#primaryimage\"},\"thumbnailUrl\":\"https:\\\/\\\/lifescinutritionals.com\\\/wp-content\\\/uploads\\\/LSN_Probiotic_FR-copy.jpg\",\"datePublished\":\"2021-03-04T17:50:31+00:00\",\"dateModified\":\"2026-04-21T19:19:14+00:00\",\"description\":\"Life Science Nutritionals (LSN) est le principal fabricant contractuel de syst\u00e8mes de distribution de confiseries enrichies pour les march\u00e9s probiotiques. Nous fabriquons \u00e9galement des bonbons g\u00e9lifi\u00e9s certifi\u00e9s biologiques et sans OGM avec des ingr\u00e9dients de la plus haute qualit\u00e9\",\"breadcrumb\":{\"@id\":\"https:\\\/\\\/lifescinutritionals.com\\\/fr\\\/produits\\\/#breadcrumb\"},\"inLanguage\":\"fr-FR\",\"potentialAction\":[{\"@type\":\"ReadAction\",\"target\":[\"https:\\\/\\\/lifescinutritionals.com\\\/fr\\\/produits\\\/\"]}]},{\"@type\":\"ImageObject\",\"inLanguage\":\"fr-FR\",\"@id\":\"https:\\\/\\\/lifescinutritionals.com\\\/fr\\\/produits\\\/#primaryimage\",\"url\":\"https:\\\/\\\/lifescinutritionals.com\\\/wp-content\\\/uploads\\\/LSN_Probiotic_FR-copy.jpg\",\"contentUrl\":\"https:\\\/\\\/lifescinutritionals.com\\\/wp-content\\\/uploads\\\/LSN_Probiotic_FR-copy.jpg\"},{\"@type\":\"BreadcrumbList\",\"@id\":\"https:\\\/\\\/lifescinutritionals.com\\\/fr\\\/produits\\\/#breadcrumb\",\"itemListElement\":[{\"@type\":\"ListItem\",\"position\":1,\"name\":\"Home\",\"item\":\"https:\\\/\\\/lifescinutritionals.com\\\/fr\\\/\"},{\"@type\":\"ListItem\",\"position\":2,\"name\":\"Produits\"}]},{\"@type\":\"WebSite\",\"@id\":\"https:\\\/\\\/lifescinutritionals.com\\\/fr\\\/#website\",\"url\":\"https:\\\/\\\/lifescinutritionals.com\\\/fr\\\/\",\"name\":\"Life Science Nutritionals\",\"description\":\"\",\"publisher\":{\"@id\":\"https:\\\/\\\/lifescinutritionals.com\\\/fr\\\/#organization\"},\"potentialAction\":[{\"@type\":\"SearchAction\",\"target\":{\"@type\":\"EntryPoint\",\"urlTemplate\":\"https:\\\/\\\/lifescinutritionals.com\\\/fr\\\/?s={search_term_string}\"},\"query-input\":{\"@type\":\"PropertyValueSpecification\",\"valueRequired\":true,\"valueName\":\"search_term_string\"}}],\"inLanguage\":\"fr-FR\"},{\"@type\":\"Organization\",\"@id\":\"https:\\\/\\\/lifescinutritionals.com\\\/fr\\\/#organization\",\"name\":\"Life Science Nutritionals\",\"url\":\"https:\\\/\\\/lifescinutritionals.com\\\/fr\\\/\",\"logo\":{\"@type\":\"ImageObject\",\"inLanguage\":\"fr-FR\",\"@id\":\"https:\\\/\\\/lifescinutritionals.com\\\/fr\\\/#\\\/schema\\\/logo\\\/image\\\/\",\"url\":\"https:\\\/\\\/lifescinutritionals.com\\\/wp-content\\\/uploads\\\/logo-LSN-horizontal-min.jpg\",\"contentUrl\":\"https:\\\/\\\/lifescinutritionals.com\\\/wp-content\\\/uploads\\\/logo-LSN-horizontal-min.jpg\",\"width\":575,\"height\":133,\"caption\":\"Life Science Nutritionals\"},\"image\":{\"@id\":\"https:\\\/\\\/lifescinutritionals.com\\\/fr\\\/#\\\/schema\\\/logo\\\/image\\\/\"},\"sameAs\":[\"https:\\\/\\\/www.facebook.com\\\/lsncanada\\\/\"]}]}<\/script>\n<!-- \/ Yoast SEO plugin. -->","yoast_head_json":{"title":"Fabricant de Suppl\u00e9ments G\u00e9lifi\u00e9s - Probiotiques sous Forme de G\u00e9lifi\u00e9s - Life Science Nutritionals - Acton Vale, Quebec","description":"Life Science Nutritionals (LSN) est le principal fabricant contractuel de syst\u00e8mes de distribution de confiseries enrichies pour les march\u00e9s probiotiques. Nous fabriquons \u00e9galement des bonbons g\u00e9lifi\u00e9s certifi\u00e9s biologiques et sans OGM avec des ingr\u00e9dients de la plus haute qualit\u00e9","robots":{"index":"index","follow":"follow","max-snippet":"max-snippet:-1","max-image-preview":"max-image-preview:large","max-video-preview":"max-video-preview:-1"},"canonical":"https:\/\/lifescinutritionals.com\/fr\/produits\/","og_locale":"fr_FR","og_type":"article","og_title":"Fabricant de Suppl\u00e9ments G\u00e9lifi\u00e9s - Probiotiques sous Forme de G\u00e9lifi\u00e9s - Life Science Nutritionals - Acton Vale, Quebec","og_description":"Life Science Nutritionals (LSN) est le principal fabricant contractuel de syst\u00e8mes de distribution de confiseries enrichies pour les march\u00e9s probiotiques. Nous fabriquons \u00e9galement des bonbons g\u00e9lifi\u00e9s certifi\u00e9s biologiques et sans OGM avec des ingr\u00e9dients de la plus haute qualit\u00e9","og_url":"https:\/\/lifescinutritionals.com\/fr\/produits\/","og_site_name":"Life Science Nutritionals","article_publisher":"https:\/\/www.facebook.com\/lsncanada\/","article_modified_time":"2026-04-21T19:19:14+00:00","og_image":[{"width":150,"height":250,"url":"https:\/\/lifescinutritionals.com\/wp-content\/uploads\/bottle-ga.png","type":"image\/png"}],"twitter_card":"summary_large_image","twitter_misc":{"Dur\u00e9e de lecture estim\u00e9e":"2 minutes"},"schema":{"@context":"https:\/\/schema.org","@graph":[{"@type":"WebPage","@id":"https:\/\/lifescinutritionals.com\/fr\/produits\/","url":"https:\/\/lifescinutritionals.com\/fr\/produits\/","name":"Fabricant de Suppl\u00e9ments G\u00e9lifi\u00e9s - Probiotiques sous Forme de G\u00e9lifi\u00e9s - Life Science Nutritionals - Acton Vale, Quebec","isPartOf":{"@id":"https:\/\/lifescinutritionals.com\/fr\/#website"},"primaryImageOfPage":{"@id":"https:\/\/lifescinutritionals.com\/fr\/produits\/#primaryimage"},"image":{"@id":"https:\/\/lifescinutritionals.com\/fr\/produits\/#primaryimage"},"thumbnailUrl":"https:\/\/lifescinutritionals.com\/wp-content\/uploads\/LSN_Probiotic_FR-copy.jpg","datePublished":"2021-03-04T17:50:31+00:00","dateModified":"2026-04-21T19:19:14+00:00","description":"Life Science Nutritionals (LSN) est le principal fabricant contractuel de syst\u00e8mes de distribution de confiseries enrichies pour les march\u00e9s probiotiques. Nous fabriquons \u00e9galement des bonbons g\u00e9lifi\u00e9s certifi\u00e9s biologiques et sans OGM avec des ingr\u00e9dients de la plus haute qualit\u00e9","breadcrumb":{"@id":"https:\/\/lifescinutritionals.com\/fr\/produits\/#breadcrumb"},"inLanguage":"fr-FR","potentialAction":[{"@type":"ReadAction","target":["https:\/\/lifescinutritionals.com\/fr\/produits\/"]}]},{"@type":"ImageObject","inLanguage":"fr-FR","@id":"https:\/\/lifescinutritionals.com\/fr\/produits\/#primaryimage","url":"https:\/\/lifescinutritionals.com\/wp-content\/uploads\/LSN_Probiotic_FR-copy.jpg","contentUrl":"https:\/\/lifescinutritionals.com\/wp-content\/uploads\/LSN_Probiotic_FR-copy.jpg"},{"@type":"BreadcrumbList","@id":"https:\/\/lifescinutritionals.com\/fr\/produits\/#breadcrumb","itemListElement":[{"@type":"ListItem","position":1,"name":"Home","item":"https:\/\/lifescinutritionals.com\/fr\/"},{"@type":"ListItem","position":2,"name":"Produits"}]},{"@type":"WebSite","@id":"https:\/\/lifescinutritionals.com\/fr\/#website","url":"https:\/\/lifescinutritionals.com\/fr\/","name":"Life Science Nutritionals","description":"","publisher":{"@id":"https:\/\/lifescinutritionals.com\/fr\/#organization"},"potentialAction":[{"@type":"SearchAction","target":{"@type":"EntryPoint","urlTemplate":"https:\/\/lifescinutritionals.com\/fr\/?s={search_term_string}"},"query-input":{"@type":"PropertyValueSpecification","valueRequired":true,"valueName":"search_term_string"}}],"inLanguage":"fr-FR"},{"@type":"Organization","@id":"https:\/\/lifescinutritionals.com\/fr\/#organization","name":"Life Science Nutritionals","url":"https:\/\/lifescinutritionals.com\/fr\/","logo":{"@type":"ImageObject","inLanguage":"fr-FR","@id":"https:\/\/lifescinutritionals.com\/fr\/#\/schema\/logo\/image\/","url":"https:\/\/lifescinutritionals.com\/wp-content\/uploads\/logo-LSN-horizontal-min.jpg","contentUrl":"https:\/\/lifescinutritionals.com\/wp-content\/uploads\/logo-LSN-horizontal-min.jpg","width":575,"height":133,"caption":"Life Science Nutritionals"},"image":{"@id":"https:\/\/lifescinutritionals.com\/fr\/#\/schema\/logo\/image\/"},"sameAs":["https:\/\/www.facebook.com\/lsncanada\/"]}]}},"_links":{"self":[{"href":"https:\/\/lifescinutritionals.com\/fr\/wp-json\/wp\/v2\/pages\/14556","targetHints":{"allow":["GET"]}}],"collection":[{"href":"https:\/\/lifescinutritionals.com\/fr\/wp-json\/wp\/v2\/pages"}],"about":[{"href":"https:\/\/lifescinutritionals.com\/fr\/wp-json\/wp\/v2\/types\/page"}],"author":[{"embeddable":true,"href":"https:\/\/lifescinutritionals.com\/fr\/wp-json\/wp\/v2\/users\/2"}],"replies":[{"embeddable":true,"href":"https:\/\/lifescinutritionals.com\/fr\/wp-json\/wp\/v2\/comments?post=14556"}],"version-history":[{"count":15,"href":"https:\/\/lifescinutritionals.com\/fr\/wp-json\/wp\/v2\/pages\/14556\/revisions"}],"predecessor-version":[{"id":14737,"href":"https:\/\/lifescinutritionals.com\/fr\/wp-json\/wp\/v2\/pages\/14556\/revisions\/14737"}],"wp:attachment":[{"href":"https:\/\/lifescinutritionals.com\/fr\/wp-json\/wp\/v2\/media?parent=14556"}],"curies":[{"name":"wp","href":"https:\/\/api.w.org\/{rel}","templated":true}]}}