{"id":14552,"date":"2021-03-04T17:44:12","date_gmt":"2021-03-04T17:44:12","guid":{"rendered":"https:\/\/lifescinutritionals.com\/?page_id=14552"},"modified":"2024-11-14T16:26:56","modified_gmt":"2024-11-14T16:26:56","slug":"notre-promesse","status":"publish","type":"page","link":"https:\/\/lifescinutritionals.com\/fr\/notre-promesse\/","title":{"rendered":"Notre promesse"},"content":{"rendered":"<h2>La meilleure qualit\u00e9 est notre promesse<\/h2>\n<p>Chez Life Science Nutritionals (LSN), nous vous promettons un engagement \u00e0 100% envers le service client, la qualit\u00e9 et l&rsquo;innovation. Avec des plusieurs ann\u00e9es d&rsquo;exp\u00e9rience et de leadership, nous sommes le meilleur partenaire de fabrication contractuelle pour vous aider \u00e0 transformer votre vision en r\u00e9alit\u00e9. Nous savons que la r\u00e9putation de votre marque d\u00e9pend d&rsquo;un produit coh\u00e9rent et de haute qualit\u00e9 et nous sommes d\u00e9vou\u00e9s \u00e0 votre succ\u00e8s.<\/p>\n<p>Notre programme de qualit\u00e9 respecte et d\u00e9passe toutes les r\u00e9glementations des gouvernements am\u00e9ricain et canadien et de la NSF en plus d\u2019adh\u00e9rer strictement aux normes de la FDA en mati\u00e8re de compl\u00e9ments alimentaires, de bonnes pratiques de fabrication (BPF) actuelles et aux BPF des PSN. Gr\u00e2ce \u00e0 notre exp\u00e9rience approfondie des r\u00e8gles de conformit\u00e9, nous sommes en mesure de partager nos connaissances lorsque vous explorez des id\u00e9es de formulation et de produits.<\/p>\n<p>LSN est un transformateur biologique certifi\u00e9 par la Quality Assurance International (QAI) bas\u00e9 sur les exigences organiques de l&rsquo;USDA. La QAI propose un programme de certification complet qui permet \u00e0 Life Science Nutritionals de garantir que nos produits biologiques r\u00e9pondent aux directives r\u00e9glementaires ou aux normes applicables \u00e0 vos besoins sp\u00e9cifiques.<\/p>\n<h2>La qualit\u00e9 est le facteur le plus important<\/h2>\n<p>Chez Life Science Nutritionals, la qualit\u00e9 est l&rsquo;\u00e9pine dorsale de notre organisation. Des protocoles rigoureux en passant par l&rsquo;approvisionnement en ingr\u00e9dients de premi\u00e8re qualit\u00e9, nous sommes fiers de garantir la plus haute qualit\u00e9 \u00e0 chaque \u00e9tape du processus.<\/p>\n<h2>Notre programme de qualit\u00e9 comprend:<\/h2>\n<ol>\n<li><strong>Administration de la qualit\u00e9 <\/strong><br \/>\nLes responsables de l&rsquo;assurance qualit\u00e9 surveillent les fonctions de contr\u00f4le et d&rsquo;am\u00e9lioration continue des processus, notamment : la formation des employ\u00e9s, les audits internes, la gestion de la qualit\u00e9 des fournisseurs, la conservation des dossiers, le co\u00fbt de la qualit\u00e9 et la s\u00e9curit\u00e9 des produits.<\/li>\n<li><strong>Contr\u00f4le du mat\u00e9riel entrant<\/strong><br \/>\nInspections compl\u00e8tes de tous les mat\u00e9riaux entrants, y compris la quarantaine avant l&rsquo;inspection et le contr\u00f4le des lots pour s&rsquo;assurer que tous les mat\u00e9riaux r\u00e9pondent \u00e0 l&rsquo;identification, la puret\u00e9, la r\u00e9sistance et la composition selon les sp\u00e9cifications.<\/li>\n<li><strong>Contr\u00f4le du processus de fabrication<\/strong><br \/>\nNous surveillons de pr\u00e8s les sp\u00e9cifications des processus et des produits, la gestion des mat\u00e9riaux non conformes, les plans d&rsquo;inspection et de contr\u00f4le, les instructions de configuration et d&rsquo;utilisation de l&rsquo;\u00e9quipement, ainsi que les proc\u00e9dures normalis\u00e9es d&rsquo;exploitation (SOP).<\/li>\n<li><strong>Contr\u00f4le des produits finis<\/strong><br \/>\nNous effectuons une inspection finale du produit, des audits d&rsquo;exp\u00e9dition, des enregistrements de lots finaux et la confirmation des param\u00e8tres de contr\u00f4le en cours de fabrication en plus d\u2019aussi offrir un programme de remise positive au client.<\/li>\n<li><strong>Contr\u00f4le des documents<\/strong><br \/>\nCe domaine critique comprend les politiques, les plans directeurs et le manuel d&rsquo;assurance qualit\u00e9, les instructions, les enregistrements, le contr\u00f4le des modifications et l&rsquo;assurance que seule la documentation actuelle et correcte est utilis\u00e9e.<\/li>\n<li><strong>Respect des normes<\/strong><br \/>\nNous nous assurons que les contr\u00f4les des processus appropri\u00e9s, la documentation et les v\u00e9rifications d&rsquo;assurance qualit\u00e9 r\u00e9pondent aux exigences strictes des BPF pour la fabrication de suppl\u00e9ments nutraceutiques.<\/li>\n<\/ol>\n","protected":false},"excerpt":{"rendered":"<p>La meilleure qualit\u00e9 est notre promesse Chez Life Science Nutritionals (LSN), nous vous promettons un engagement \u00e0 100% envers le service client, la qualit\u00e9 et l&rsquo;innovation. Avec des plusieurs ann\u00e9es d&rsquo;exp\u00e9rience et de leadership, nous sommes le meilleur partenaire de fabrication contractuelle pour vous aider \u00e0 transformer votre vision en r\u00e9alit\u00e9. Nous savons que la [&hellip;]<\/p>\n","protected":false},"author":2,"featured_media":0,"parent":0,"menu_order":0,"comment_status":"closed","ping_status":"closed","template":"","meta":{"_acf_changed":false,"footnotes":""},"class_list":["post-14552","page","type-page","status-publish","hentry"],"acf":[],"yoast_head":"<!-- This site is optimized with the Yoast SEO plugin v27.5 - https:\/\/yoast.com\/product\/yoast-seo-wordpress\/ -->\n<title>Fabricant de Suppl\u00e9ments G\u00e9lifi\u00e9s - Probiotiques sous Forme de G\u00e9lifi\u00e9s - Life Science Nutritionals - Acton Vale, Quebec<\/title>\n<meta name=\"description\" content=\"Life Science Nutritionals (LSN) est le principal fabricant contractuel de syst\u00e8mes de distribution de confiseries enrichies pour les march\u00e9s probiotiques. Nous fabriquons \u00e9galement des bonbons g\u00e9lifi\u00e9s certifi\u00e9s biologiques et sans OGM avec des ingr\u00e9dients de la plus haute qualit\u00e9\" \/>\n<meta name=\"robots\" content=\"index, follow, max-snippet:-1, max-image-preview:large, max-video-preview:-1\" \/>\n<link rel=\"canonical\" href=\"https:\/\/lifescinutritionals.com\/fr\/notre-promesse\/\" \/>\n<meta property=\"og:locale\" content=\"fr_FR\" \/>\n<meta property=\"og:type\" content=\"article\" \/>\n<meta property=\"og:title\" content=\"Fabricant de Suppl\u00e9ments G\u00e9lifi\u00e9s - Probiotiques sous Forme de G\u00e9lifi\u00e9s - Life Science Nutritionals - Acton Vale, Quebec\" \/>\n<meta property=\"og:description\" content=\"Life Science Nutritionals (LSN) est le principal fabricant contractuel de syst\u00e8mes de distribution de confiseries enrichies pour les march\u00e9s probiotiques. Nous fabriquons \u00e9galement des bonbons g\u00e9lifi\u00e9s certifi\u00e9s biologiques et sans OGM avec des ingr\u00e9dients de la plus haute qualit\u00e9\" \/>\n<meta property=\"og:url\" content=\"https:\/\/lifescinutritionals.com\/fr\/notre-promesse\/\" \/>\n<meta property=\"og:site_name\" content=\"Life Science Nutritionals\" \/>\n<meta property=\"article:publisher\" content=\"https:\/\/www.facebook.com\/lsncanada\/\" \/>\n<meta property=\"article:modified_time\" content=\"2024-11-14T16:26:56+00:00\" \/>\n<meta name=\"twitter:card\" content=\"summary_large_image\" \/>\n<meta name=\"twitter:label1\" content=\"Dur\u00e9e de lecture estim\u00e9e\" \/>\n\t<meta name=\"twitter:data1\" content=\"3 minutes\" \/>\n<script type=\"application\/ld+json\" class=\"yoast-schema-graph\">{\"@context\":\"https:\\\/\\\/schema.org\",\"@graph\":[{\"@type\":\"WebPage\",\"@id\":\"https:\\\/\\\/lifescinutritionals.com\\\/fr\\\/notre-promesse\\\/\",\"url\":\"https:\\\/\\\/lifescinutritionals.com\\\/fr\\\/notre-promesse\\\/\",\"name\":\"Fabricant de Suppl\u00e9ments G\u00e9lifi\u00e9s - Probiotiques sous Forme de G\u00e9lifi\u00e9s - Life Science Nutritionals - Acton Vale, Quebec\",\"isPartOf\":{\"@id\":\"https:\\\/\\\/lifescinutritionals.com\\\/fr\\\/#website\"},\"datePublished\":\"2021-03-04T17:44:12+00:00\",\"dateModified\":\"2024-11-14T16:26:56+00:00\",\"description\":\"Life Science Nutritionals (LSN) est le principal fabricant contractuel de syst\u00e8mes de distribution de confiseries enrichies pour les march\u00e9s probiotiques. Nous fabriquons \u00e9galement des bonbons g\u00e9lifi\u00e9s certifi\u00e9s biologiques et sans OGM avec des ingr\u00e9dients de la plus haute qualit\u00e9\",\"breadcrumb\":{\"@id\":\"https:\\\/\\\/lifescinutritionals.com\\\/fr\\\/notre-promesse\\\/#breadcrumb\"},\"inLanguage\":\"fr-FR\",\"potentialAction\":[{\"@type\":\"ReadAction\",\"target\":[\"https:\\\/\\\/lifescinutritionals.com\\\/fr\\\/notre-promesse\\\/\"]}]},{\"@type\":\"BreadcrumbList\",\"@id\":\"https:\\\/\\\/lifescinutritionals.com\\\/fr\\\/notre-promesse\\\/#breadcrumb\",\"itemListElement\":[{\"@type\":\"ListItem\",\"position\":1,\"name\":\"Home\",\"item\":\"https:\\\/\\\/lifescinutritionals.com\\\/fr\\\/\"},{\"@type\":\"ListItem\",\"position\":2,\"name\":\"Notre promesse\"}]},{\"@type\":\"WebSite\",\"@id\":\"https:\\\/\\\/lifescinutritionals.com\\\/fr\\\/#website\",\"url\":\"https:\\\/\\\/lifescinutritionals.com\\\/fr\\\/\",\"name\":\"Life Science Nutritionals\",\"description\":\"\",\"publisher\":{\"@id\":\"https:\\\/\\\/lifescinutritionals.com\\\/fr\\\/#organization\"},\"potentialAction\":[{\"@type\":\"SearchAction\",\"target\":{\"@type\":\"EntryPoint\",\"urlTemplate\":\"https:\\\/\\\/lifescinutritionals.com\\\/fr\\\/?s={search_term_string}\"},\"query-input\":{\"@type\":\"PropertyValueSpecification\",\"valueRequired\":true,\"valueName\":\"search_term_string\"}}],\"inLanguage\":\"fr-FR\"},{\"@type\":\"Organization\",\"@id\":\"https:\\\/\\\/lifescinutritionals.com\\\/fr\\\/#organization\",\"name\":\"Life Science Nutritionals\",\"url\":\"https:\\\/\\\/lifescinutritionals.com\\\/fr\\\/\",\"logo\":{\"@type\":\"ImageObject\",\"inLanguage\":\"fr-FR\",\"@id\":\"https:\\\/\\\/lifescinutritionals.com\\\/fr\\\/#\\\/schema\\\/logo\\\/image\\\/\",\"url\":\"https:\\\/\\\/lifescinutritionals.com\\\/wp-content\\\/uploads\\\/logo-LSN-horizontal-min.jpg\",\"contentUrl\":\"https:\\\/\\\/lifescinutritionals.com\\\/wp-content\\\/uploads\\\/logo-LSN-horizontal-min.jpg\",\"width\":575,\"height\":133,\"caption\":\"Life Science Nutritionals\"},\"image\":{\"@id\":\"https:\\\/\\\/lifescinutritionals.com\\\/fr\\\/#\\\/schema\\\/logo\\\/image\\\/\"},\"sameAs\":[\"https:\\\/\\\/www.facebook.com\\\/lsncanada\\\/\"]}]}<\/script>\n<!-- \/ Yoast SEO plugin. -->","yoast_head_json":{"title":"Fabricant de Suppl\u00e9ments G\u00e9lifi\u00e9s - Probiotiques sous Forme de G\u00e9lifi\u00e9s - Life Science Nutritionals - Acton Vale, Quebec","description":"Life Science Nutritionals (LSN) est le principal fabricant contractuel de syst\u00e8mes de distribution de confiseries enrichies pour les march\u00e9s probiotiques. Nous fabriquons \u00e9galement des bonbons g\u00e9lifi\u00e9s certifi\u00e9s biologiques et sans OGM avec des ingr\u00e9dients de la plus haute qualit\u00e9","robots":{"index":"index","follow":"follow","max-snippet":"max-snippet:-1","max-image-preview":"max-image-preview:large","max-video-preview":"max-video-preview:-1"},"canonical":"https:\/\/lifescinutritionals.com\/fr\/notre-promesse\/","og_locale":"fr_FR","og_type":"article","og_title":"Fabricant de Suppl\u00e9ments G\u00e9lifi\u00e9s - Probiotiques sous Forme de G\u00e9lifi\u00e9s - Life Science Nutritionals - Acton Vale, Quebec","og_description":"Life Science Nutritionals (LSN) est le principal fabricant contractuel de syst\u00e8mes de distribution de confiseries enrichies pour les march\u00e9s probiotiques. Nous fabriquons \u00e9galement des bonbons g\u00e9lifi\u00e9s certifi\u00e9s biologiques et sans OGM avec des ingr\u00e9dients de la plus haute qualit\u00e9","og_url":"https:\/\/lifescinutritionals.com\/fr\/notre-promesse\/","og_site_name":"Life Science Nutritionals","article_publisher":"https:\/\/www.facebook.com\/lsncanada\/","article_modified_time":"2024-11-14T16:26:56+00:00","twitter_card":"summary_large_image","twitter_misc":{"Dur\u00e9e de lecture estim\u00e9e":"3 minutes"},"schema":{"@context":"https:\/\/schema.org","@graph":[{"@type":"WebPage","@id":"https:\/\/lifescinutritionals.com\/fr\/notre-promesse\/","url":"https:\/\/lifescinutritionals.com\/fr\/notre-promesse\/","name":"Fabricant de Suppl\u00e9ments G\u00e9lifi\u00e9s - Probiotiques sous Forme de G\u00e9lifi\u00e9s - Life Science Nutritionals - Acton Vale, Quebec","isPartOf":{"@id":"https:\/\/lifescinutritionals.com\/fr\/#website"},"datePublished":"2021-03-04T17:44:12+00:00","dateModified":"2024-11-14T16:26:56+00:00","description":"Life Science Nutritionals (LSN) est le principal fabricant contractuel de syst\u00e8mes de distribution de confiseries enrichies pour les march\u00e9s probiotiques. Nous fabriquons \u00e9galement des bonbons g\u00e9lifi\u00e9s certifi\u00e9s biologiques et sans OGM avec des ingr\u00e9dients de la plus haute qualit\u00e9","breadcrumb":{"@id":"https:\/\/lifescinutritionals.com\/fr\/notre-promesse\/#breadcrumb"},"inLanguage":"fr-FR","potentialAction":[{"@type":"ReadAction","target":["https:\/\/lifescinutritionals.com\/fr\/notre-promesse\/"]}]},{"@type":"BreadcrumbList","@id":"https:\/\/lifescinutritionals.com\/fr\/notre-promesse\/#breadcrumb","itemListElement":[{"@type":"ListItem","position":1,"name":"Home","item":"https:\/\/lifescinutritionals.com\/fr\/"},{"@type":"ListItem","position":2,"name":"Notre promesse"}]},{"@type":"WebSite","@id":"https:\/\/lifescinutritionals.com\/fr\/#website","url":"https:\/\/lifescinutritionals.com\/fr\/","name":"Life Science Nutritionals","description":"","publisher":{"@id":"https:\/\/lifescinutritionals.com\/fr\/#organization"},"potentialAction":[{"@type":"SearchAction","target":{"@type":"EntryPoint","urlTemplate":"https:\/\/lifescinutritionals.com\/fr\/?s={search_term_string}"},"query-input":{"@type":"PropertyValueSpecification","valueRequired":true,"valueName":"search_term_string"}}],"inLanguage":"fr-FR"},{"@type":"Organization","@id":"https:\/\/lifescinutritionals.com\/fr\/#organization","name":"Life Science Nutritionals","url":"https:\/\/lifescinutritionals.com\/fr\/","logo":{"@type":"ImageObject","inLanguage":"fr-FR","@id":"https:\/\/lifescinutritionals.com\/fr\/#\/schema\/logo\/image\/","url":"https:\/\/lifescinutritionals.com\/wp-content\/uploads\/logo-LSN-horizontal-min.jpg","contentUrl":"https:\/\/lifescinutritionals.com\/wp-content\/uploads\/logo-LSN-horizontal-min.jpg","width":575,"height":133,"caption":"Life Science Nutritionals"},"image":{"@id":"https:\/\/lifescinutritionals.com\/fr\/#\/schema\/logo\/image\/"},"sameAs":["https:\/\/www.facebook.com\/lsncanada\/"]}]}},"_links":{"self":[{"href":"https:\/\/lifescinutritionals.com\/fr\/wp-json\/wp\/v2\/pages\/14552","targetHints":{"allow":["GET"]}}],"collection":[{"href":"https:\/\/lifescinutritionals.com\/fr\/wp-json\/wp\/v2\/pages"}],"about":[{"href":"https:\/\/lifescinutritionals.com\/fr\/wp-json\/wp\/v2\/types\/page"}],"author":[{"embeddable":true,"href":"https:\/\/lifescinutritionals.com\/fr\/wp-json\/wp\/v2\/users\/2"}],"replies":[{"embeddable":true,"href":"https:\/\/lifescinutritionals.com\/fr\/wp-json\/wp\/v2\/comments?post=14552"}],"version-history":[{"count":5,"href":"https:\/\/lifescinutritionals.com\/fr\/wp-json\/wp\/v2\/pages\/14552\/revisions"}],"predecessor-version":[{"id":14713,"href":"https:\/\/lifescinutritionals.com\/fr\/wp-json\/wp\/v2\/pages\/14552\/revisions\/14713"}],"wp:attachment":[{"href":"https:\/\/lifescinutritionals.com\/fr\/wp-json\/wp\/v2\/media?parent=14552"}],"curies":[{"name":"wp","href":"https:\/\/api.w.org\/{rel}","templated":true}]}}