{"id":14550,"date":"2021-03-04T17:41:27","date_gmt":"2021-03-04T17:41:27","guid":{"rendered":"https:\/\/lifescinutritionals.com\/?page_id=14550"},"modified":"2024-11-14T16:26:25","modified_gmt":"2024-11-14T16:26:25","slug":"production-contractuelle","status":"publish","type":"page","link":"https:\/\/lifescinutritionals.com\/fr\/production-contractuelle\/","title":{"rendered":"Production contractuelle"},"content":{"rendered":"<p><img decoding=\"async\" src=\"https:\/\/lifescinutritionals.com\/wp-content\/uploads\/\/Multi-4-768x1024.jpeg\" alt=\"gummies-1-web-min\" width=\"400\" class=\"alignnone size-large wp-image-230 img-fr\" \/><\/p>\n<h2>Fabricant contractuel principal<\/h2>\n<p>Life Science Nutritionals (LSN) est l&rsquo;un des principaux fabricants contractuels de syst\u00e8mes alternatifs de distribution de suppl\u00e9ments. Lorsque vous choisissez Life Science Nutritionals, vous vous joignez \u00e0 de nombreux entrepreneurs et entreprises bien connus qui font de Life Science Nutritionals leur partenaire de fabrication de choix.<\/p>\n<p>Il est d\u00e9j\u00e0 assez difficile de faire d\u00e9coller un produit sans la charge suppl\u00e9mentaire des machines, de la production, de l\u2019entretien, des bureaux, des espaces de rangement, des laboratoires, du personnel, des r\u00e9glementations et de l\u2019assurance responsabilit\u00e9 civile. Laissez Life Science Nutritionals vous aider \u00e0 transformer votre vision en r\u00e9alit\u00e9 et en r\u00e9ussite commerciale!<\/p>\n<p><img decoding=\"async\" src=\"https:\/\/lifescinutritionals.com\/wp-content\/uploads\/\/Rouge-mauve-2-768x1024.jpeg\" alt=\"gummies-8-web-min\" width=\"400\" class=\"alignnone size-large wp-image-237 img-fl\" \/><\/p>\n<h2>Fabrication personnalis\u00e9e<\/h2>\n<p>Life Science Nutritionals peut personnaliser chaque aspect de votre produit. Notre excellente \u00e9quipe de technologues en R&#038;D a d\u00e9velopp\u00e9 de la pectine et des formules de g\u00e9latine pour la nutrition sportive, des soci\u00e9t\u00e9s de produits naturels et nutraceutiques, et de nombreuses autres voies commerciales. Des saveurs, des formules et\/ou des formes exclusives peuvent \u00eatre utilis\u00e9es pour cr\u00e9er de nouveaux produits uniques. Nous pouvons aussi cr\u00e9er un emballage sp\u00e9cialis\u00e9 pour l&rsquo;un de nos articles.<\/p>\n<p>** \u00e9galement Organigramme du traitement des commandes<\/p>\n<p><a href=\"https:\/\/lifescinutritionals.com\/wp-content\/uploads\/santa-cruz-order-process-flowchart-fr.pdf\" target=\"_blank\" rel=\"noopener noreferrer\" aria-label=\"Flowcart (s'ouvre dans un nouvel onglet)\"><img decoding=\"async\" src=\"https:\/\/lifescinutritionals.com\/wp-content\/uploads\/santa-cruz-order-process-flowchart-fr.jpg\" alt=\"santa-cruz-order-process-flowchart\" width=\"100%\" class=\"alignnone size-full wp-image-127\" \/><\/a><\/p>\n","protected":false},"excerpt":{"rendered":"<p>Fabricant contractuel principal Life Science Nutritionals (LSN) est l&rsquo;un des principaux fabricants contractuels de syst\u00e8mes alternatifs de distribution de suppl\u00e9ments. Lorsque vous choisissez Life Science Nutritionals, vous vous joignez \u00e0 de nombreux entrepreneurs et entreprises bien connus qui font de Life Science Nutritionals leur partenaire de fabrication de choix. Il est d\u00e9j\u00e0 assez difficile de [&hellip;]<\/p>\n","protected":false},"author":2,"featured_media":0,"parent":0,"menu_order":0,"comment_status":"closed","ping_status":"closed","template":"","meta":{"_acf_changed":false,"footnotes":""},"class_list":["post-14550","page","type-page","status-publish","hentry"],"acf":[],"yoast_head":"<!-- This site is optimized with the Yoast SEO plugin v27.5 - https:\/\/yoast.com\/product\/yoast-seo-wordpress\/ -->\n<title>Fabricant de Suppl\u00e9ments G\u00e9lifi\u00e9s - Probiotiques sous Forme de G\u00e9lifi\u00e9s - Life Science Nutritionals - Acton Vale, Quebec<\/title>\n<meta name=\"description\" content=\"Life Science Nutritionals (LSN) est le principal fabricant contractuel de syst\u00e8mes de distribution de confiseries enrichies pour les march\u00e9s probiotiques. Nous fabriquons \u00e9galement des bonbons g\u00e9lifi\u00e9s certifi\u00e9s biologiques et sans OGM avec des ingr\u00e9dients de la plus haute qualit\u00e9\" \/>\n<meta name=\"robots\" content=\"index, follow, max-snippet:-1, max-image-preview:large, max-video-preview:-1\" \/>\n<link rel=\"canonical\" href=\"https:\/\/lifescinutritionals.com\/fr\/production-contractuelle\/\" \/>\n<meta property=\"og:locale\" content=\"fr_FR\" \/>\n<meta property=\"og:type\" content=\"article\" \/>\n<meta property=\"og:title\" content=\"Fabricant de Suppl\u00e9ments G\u00e9lifi\u00e9s - Probiotiques sous Forme de G\u00e9lifi\u00e9s - Life Science Nutritionals - Acton Vale, Quebec\" \/>\n<meta property=\"og:description\" content=\"Life Science Nutritionals (LSN) est le principal fabricant contractuel de syst\u00e8mes de distribution de confiseries enrichies pour les march\u00e9s probiotiques. Nous fabriquons \u00e9galement des bonbons g\u00e9lifi\u00e9s certifi\u00e9s biologiques et sans OGM avec des ingr\u00e9dients de la plus haute qualit\u00e9\" \/>\n<meta property=\"og:url\" content=\"https:\/\/lifescinutritionals.com\/fr\/production-contractuelle\/\" \/>\n<meta property=\"og:site_name\" content=\"Life Science Nutritionals\" \/>\n<meta property=\"article:publisher\" content=\"https:\/\/www.facebook.com\/lsncanada\/\" \/>\n<meta property=\"article:modified_time\" content=\"2024-11-14T16:26:25+00:00\" \/>\n<meta property=\"og:image\" content=\"https:\/\/lifescinutritionals.com\/wp-content\/uploads\/gummies-1-web-min.jpg\" \/>\n\t<meta property=\"og:image:width\" content=\"1618\" \/>\n\t<meta property=\"og:image:height\" content=\"1080\" \/>\n\t<meta property=\"og:image:type\" content=\"image\/jpeg\" \/>\n<meta name=\"twitter:card\" content=\"summary_large_image\" \/>\n<meta name=\"twitter:label1\" content=\"Dur\u00e9e de lecture estim\u00e9e\" \/>\n\t<meta name=\"twitter:data1\" content=\"2 minutes\" \/>\n<script type=\"application\/ld+json\" class=\"yoast-schema-graph\">{\"@context\":\"https:\\\/\\\/schema.org\",\"@graph\":[{\"@type\":\"WebPage\",\"@id\":\"https:\\\/\\\/lifescinutritionals.com\\\/fr\\\/production-contractuelle\\\/\",\"url\":\"https:\\\/\\\/lifescinutritionals.com\\\/fr\\\/production-contractuelle\\\/\",\"name\":\"Fabricant de Suppl\u00e9ments G\u00e9lifi\u00e9s - Probiotiques sous Forme de G\u00e9lifi\u00e9s - Life Science Nutritionals - Acton Vale, Quebec\",\"isPartOf\":{\"@id\":\"https:\\\/\\\/lifescinutritionals.com\\\/fr\\\/#website\"},\"primaryImageOfPage\":{\"@id\":\"https:\\\/\\\/lifescinutritionals.com\\\/fr\\\/production-contractuelle\\\/#primaryimage\"},\"image\":{\"@id\":\"https:\\\/\\\/lifescinutritionals.com\\\/fr\\\/production-contractuelle\\\/#primaryimage\"},\"thumbnailUrl\":\"https:\\\/\\\/lifescinutritionals.com\\\/wp-content\\\/uploads\\\/\\\/Multi-4-768x1024.jpeg\",\"datePublished\":\"2021-03-04T17:41:27+00:00\",\"dateModified\":\"2024-11-14T16:26:25+00:00\",\"description\":\"Life Science Nutritionals (LSN) est le principal fabricant contractuel de syst\u00e8mes de distribution de confiseries enrichies pour les march\u00e9s probiotiques. Nous fabriquons \u00e9galement des bonbons g\u00e9lifi\u00e9s certifi\u00e9s biologiques et sans OGM avec des ingr\u00e9dients de la plus haute qualit\u00e9\",\"breadcrumb\":{\"@id\":\"https:\\\/\\\/lifescinutritionals.com\\\/fr\\\/production-contractuelle\\\/#breadcrumb\"},\"inLanguage\":\"fr-FR\",\"potentialAction\":[{\"@type\":\"ReadAction\",\"target\":[\"https:\\\/\\\/lifescinutritionals.com\\\/fr\\\/production-contractuelle\\\/\"]}]},{\"@type\":\"ImageObject\",\"inLanguage\":\"fr-FR\",\"@id\":\"https:\\\/\\\/lifescinutritionals.com\\\/fr\\\/production-contractuelle\\\/#primaryimage\",\"url\":\"https:\\\/\\\/lifescinutritionals.com\\\/wp-content\\\/uploads\\\/\\\/Multi-4-768x1024.jpeg\",\"contentUrl\":\"https:\\\/\\\/lifescinutritionals.com\\\/wp-content\\\/uploads\\\/\\\/Multi-4-768x1024.jpeg\"},{\"@type\":\"BreadcrumbList\",\"@id\":\"https:\\\/\\\/lifescinutritionals.com\\\/fr\\\/production-contractuelle\\\/#breadcrumb\",\"itemListElement\":[{\"@type\":\"ListItem\",\"position\":1,\"name\":\"Home\",\"item\":\"https:\\\/\\\/lifescinutritionals.com\\\/fr\\\/\"},{\"@type\":\"ListItem\",\"position\":2,\"name\":\"Production contractuelle\"}]},{\"@type\":\"WebSite\",\"@id\":\"https:\\\/\\\/lifescinutritionals.com\\\/fr\\\/#website\",\"url\":\"https:\\\/\\\/lifescinutritionals.com\\\/fr\\\/\",\"name\":\"Life Science Nutritionals\",\"description\":\"\",\"publisher\":{\"@id\":\"https:\\\/\\\/lifescinutritionals.com\\\/fr\\\/#organization\"},\"potentialAction\":[{\"@type\":\"SearchAction\",\"target\":{\"@type\":\"EntryPoint\",\"urlTemplate\":\"https:\\\/\\\/lifescinutritionals.com\\\/fr\\\/?s={search_term_string}\"},\"query-input\":{\"@type\":\"PropertyValueSpecification\",\"valueRequired\":true,\"valueName\":\"search_term_string\"}}],\"inLanguage\":\"fr-FR\"},{\"@type\":\"Organization\",\"@id\":\"https:\\\/\\\/lifescinutritionals.com\\\/fr\\\/#organization\",\"name\":\"Life Science Nutritionals\",\"url\":\"https:\\\/\\\/lifescinutritionals.com\\\/fr\\\/\",\"logo\":{\"@type\":\"ImageObject\",\"inLanguage\":\"fr-FR\",\"@id\":\"https:\\\/\\\/lifescinutritionals.com\\\/fr\\\/#\\\/schema\\\/logo\\\/image\\\/\",\"url\":\"https:\\\/\\\/lifescinutritionals.com\\\/wp-content\\\/uploads\\\/logo-LSN-horizontal-min.jpg\",\"contentUrl\":\"https:\\\/\\\/lifescinutritionals.com\\\/wp-content\\\/uploads\\\/logo-LSN-horizontal-min.jpg\",\"width\":575,\"height\":133,\"caption\":\"Life Science Nutritionals\"},\"image\":{\"@id\":\"https:\\\/\\\/lifescinutritionals.com\\\/fr\\\/#\\\/schema\\\/logo\\\/image\\\/\"},\"sameAs\":[\"https:\\\/\\\/www.facebook.com\\\/lsncanada\\\/\"]}]}<\/script>\n<!-- \/ Yoast SEO plugin. -->","yoast_head_json":{"title":"Fabricant de Suppl\u00e9ments G\u00e9lifi\u00e9s - Probiotiques sous Forme de G\u00e9lifi\u00e9s - Life Science Nutritionals - Acton Vale, Quebec","description":"Life Science Nutritionals (LSN) est le principal fabricant contractuel de syst\u00e8mes de distribution de confiseries enrichies pour les march\u00e9s probiotiques. Nous fabriquons \u00e9galement des bonbons g\u00e9lifi\u00e9s certifi\u00e9s biologiques et sans OGM avec des ingr\u00e9dients de la plus haute qualit\u00e9","robots":{"index":"index","follow":"follow","max-snippet":"max-snippet:-1","max-image-preview":"max-image-preview:large","max-video-preview":"max-video-preview:-1"},"canonical":"https:\/\/lifescinutritionals.com\/fr\/production-contractuelle\/","og_locale":"fr_FR","og_type":"article","og_title":"Fabricant de Suppl\u00e9ments G\u00e9lifi\u00e9s - Probiotiques sous Forme de G\u00e9lifi\u00e9s - Life Science Nutritionals - Acton Vale, Quebec","og_description":"Life Science Nutritionals (LSN) est le principal fabricant contractuel de syst\u00e8mes de distribution de confiseries enrichies pour les march\u00e9s probiotiques. Nous fabriquons \u00e9galement des bonbons g\u00e9lifi\u00e9s certifi\u00e9s biologiques et sans OGM avec des ingr\u00e9dients de la plus haute qualit\u00e9","og_url":"https:\/\/lifescinutritionals.com\/fr\/production-contractuelle\/","og_site_name":"Life Science Nutritionals","article_publisher":"https:\/\/www.facebook.com\/lsncanada\/","article_modified_time":"2024-11-14T16:26:25+00:00","og_image":[{"width":1618,"height":1080,"url":"https:\/\/lifescinutritionals.com\/wp-content\/uploads\/gummies-1-web-min.jpg","type":"image\/jpeg"}],"twitter_card":"summary_large_image","twitter_misc":{"Dur\u00e9e de lecture estim\u00e9e":"2 minutes"},"schema":{"@context":"https:\/\/schema.org","@graph":[{"@type":"WebPage","@id":"https:\/\/lifescinutritionals.com\/fr\/production-contractuelle\/","url":"https:\/\/lifescinutritionals.com\/fr\/production-contractuelle\/","name":"Fabricant de Suppl\u00e9ments G\u00e9lifi\u00e9s - Probiotiques sous Forme de G\u00e9lifi\u00e9s - Life Science Nutritionals - Acton Vale, Quebec","isPartOf":{"@id":"https:\/\/lifescinutritionals.com\/fr\/#website"},"primaryImageOfPage":{"@id":"https:\/\/lifescinutritionals.com\/fr\/production-contractuelle\/#primaryimage"},"image":{"@id":"https:\/\/lifescinutritionals.com\/fr\/production-contractuelle\/#primaryimage"},"thumbnailUrl":"https:\/\/lifescinutritionals.com\/wp-content\/uploads\/\/Multi-4-768x1024.jpeg","datePublished":"2021-03-04T17:41:27+00:00","dateModified":"2024-11-14T16:26:25+00:00","description":"Life Science Nutritionals (LSN) est le principal fabricant contractuel de syst\u00e8mes de distribution de confiseries enrichies pour les march\u00e9s probiotiques. Nous fabriquons \u00e9galement des bonbons g\u00e9lifi\u00e9s certifi\u00e9s biologiques et sans OGM avec des ingr\u00e9dients de la plus haute qualit\u00e9","breadcrumb":{"@id":"https:\/\/lifescinutritionals.com\/fr\/production-contractuelle\/#breadcrumb"},"inLanguage":"fr-FR","potentialAction":[{"@type":"ReadAction","target":["https:\/\/lifescinutritionals.com\/fr\/production-contractuelle\/"]}]},{"@type":"ImageObject","inLanguage":"fr-FR","@id":"https:\/\/lifescinutritionals.com\/fr\/production-contractuelle\/#primaryimage","url":"https:\/\/lifescinutritionals.com\/wp-content\/uploads\/\/Multi-4-768x1024.jpeg","contentUrl":"https:\/\/lifescinutritionals.com\/wp-content\/uploads\/\/Multi-4-768x1024.jpeg"},{"@type":"BreadcrumbList","@id":"https:\/\/lifescinutritionals.com\/fr\/production-contractuelle\/#breadcrumb","itemListElement":[{"@type":"ListItem","position":1,"name":"Home","item":"https:\/\/lifescinutritionals.com\/fr\/"},{"@type":"ListItem","position":2,"name":"Production contractuelle"}]},{"@type":"WebSite","@id":"https:\/\/lifescinutritionals.com\/fr\/#website","url":"https:\/\/lifescinutritionals.com\/fr\/","name":"Life Science Nutritionals","description":"","publisher":{"@id":"https:\/\/lifescinutritionals.com\/fr\/#organization"},"potentialAction":[{"@type":"SearchAction","target":{"@type":"EntryPoint","urlTemplate":"https:\/\/lifescinutritionals.com\/fr\/?s={search_term_string}"},"query-input":{"@type":"PropertyValueSpecification","valueRequired":true,"valueName":"search_term_string"}}],"inLanguage":"fr-FR"},{"@type":"Organization","@id":"https:\/\/lifescinutritionals.com\/fr\/#organization","name":"Life Science Nutritionals","url":"https:\/\/lifescinutritionals.com\/fr\/","logo":{"@type":"ImageObject","inLanguage":"fr-FR","@id":"https:\/\/lifescinutritionals.com\/fr\/#\/schema\/logo\/image\/","url":"https:\/\/lifescinutritionals.com\/wp-content\/uploads\/logo-LSN-horizontal-min.jpg","contentUrl":"https:\/\/lifescinutritionals.com\/wp-content\/uploads\/logo-LSN-horizontal-min.jpg","width":575,"height":133,"caption":"Life Science Nutritionals"},"image":{"@id":"https:\/\/lifescinutritionals.com\/fr\/#\/schema\/logo\/image\/"},"sameAs":["https:\/\/www.facebook.com\/lsncanada\/"]}]}},"_links":{"self":[{"href":"https:\/\/lifescinutritionals.com\/fr\/wp-json\/wp\/v2\/pages\/14550","targetHints":{"allow":["GET"]}}],"collection":[{"href":"https:\/\/lifescinutritionals.com\/fr\/wp-json\/wp\/v2\/pages"}],"about":[{"href":"https:\/\/lifescinutritionals.com\/fr\/wp-json\/wp\/v2\/types\/page"}],"author":[{"embeddable":true,"href":"https:\/\/lifescinutritionals.com\/fr\/wp-json\/wp\/v2\/users\/2"}],"replies":[{"embeddable":true,"href":"https:\/\/lifescinutritionals.com\/fr\/wp-json\/wp\/v2\/comments?post=14550"}],"version-history":[{"count":8,"href":"https:\/\/lifescinutritionals.com\/fr\/wp-json\/wp\/v2\/pages\/14550\/revisions"}],"predecessor-version":[{"id":14712,"href":"https:\/\/lifescinutritionals.com\/fr\/wp-json\/wp\/v2\/pages\/14550\/revisions\/14712"}],"wp:attachment":[{"href":"https:\/\/lifescinutritionals.com\/fr\/wp-json\/wp\/v2\/media?parent=14550"}],"curies":[{"name":"wp","href":"https:\/\/api.w.org\/{rel}","templated":true}]}}