{"id":14546,"date":"2016-11-15T18:03:28","date_gmt":"2016-11-15T18:03:28","guid":{"rendered":"https:\/\/lifescinutritionals.com\/?page_id=14546"},"modified":"2024-11-14T16:24:40","modified_gmt":"2024-11-14T16:24:40","slug":"solutions","status":"publish","type":"page","link":"https:\/\/lifescinutritionals.com\/fr\/competences\/solutions\/","title":{"rendered":"Solutions"},"content":{"rendered":"<h2>Usines certifi\u00e9es, emballages innovants et qualit\u00e9 l\u00e9gendaire<\/h2>\n<p>Life Science Nutritionals est le meilleur fabricant contractuel associ\u00e9 de bonbons g\u00e9lifi\u00e9s probiotiques pour amener votre produit de l&rsquo;id\u00e9e au prototype et \u00e0 la production en s\u00e9rie. Notre usine au Canada a la capacit\u00e9 de produire 5 millions de vitamines g\u00e9lifi\u00e9es par jour. De plus, nos machines sophistiqu\u00e9es mogul sont capables de fabriquer des bonbons g\u00e9lifi\u00e9s de toutes formes, tailles, couleurs et saveurs pour r\u00e9pondre exactement \u00e0 vos sp\u00e9cifications.<\/p>\n<h3>Points essentiels de l\u2019usine LSN<\/h3>\n<ul>\n<li>Elle est approuv\u00e9e par la Quality Assurance International (QAI) pour fabriquer des produits biologiques conform\u00e9ment aux normes du programme biologique national de l&rsquo;USDA<\/li>\n<li>Elle est conforme aux normes BPF<\/li>\n<li>C\u2019est une installation exempte des principaux allerg\u00e8nes alimentaires<\/li>\n<li>C\u2019est une usine de fabrication \u00e0 la fine pointe de la technologie et certifi\u00e9e NSF<\/li>\n<li>Elle est enregistr\u00e9e aupr\u00e8s de la FDA<\/li>\n<li>C\u2019est un site agr\u00e9\u00e9 par Sant\u00e9 Canada<\/li>\n<\/ul>\n<div class=\"flex-imgText\">\n<img loading=\"lazy\" decoding=\"async\" class=\"img-fl--mb alignnone wp-image-234 size-large\" src=\"https:\/\/lifescinutritionals.com\/wp-content\/uploads\/\/Orange-21-799x1024.jpeg\" alt=\"gummies-5-web-min\" width=\"400\" height=\"2048\" \/><\/p>\n<div>\n<h2>Emballage innovant pour des produits uniques<\/h2>\n<p>Votre produit est unique et son emballage devrait l&rsquo;\u00eatre aussi. Mais il peut \u00eatre difficile de trouver un fabricant qui emballe dans un contenant qui prot\u00e8ge la qualit\u00e9 du produit, r\u00e9pond aux exigences du d\u00e9taillant et ravit le client. LSN facilite cette t\u00e2che en offrant une large gamme d&rsquo;options, notamment : des bouteilles sur une cha\u00eene d&#8217;embouteillage \u00e0 grande vitesse, des bo\u00eetes et des emballages en vrac.<\/p>\n<h2>Capacit\u00e9s d&#8217;emballage<\/h2>\n<ul>\n<li>Des id\u00e9es de conception pour vous aider \u00e0 emballer votre produit afin de mieux attirer les consommateurs<\/li>\n<li>Des contr\u00f4le stricts des processus pour garantir que des mat\u00e9riaux d&#8217;emballage appropri\u00e9s sont utilis\u00e9s et que le produit soit emball\u00e9 conform\u00e9ment aux exigences sp\u00e9cifi\u00e9es<\/li>\n<li>Des composants d&#8217;emballage inviolables comprenant un emballage r\u00e9tractable et\/ou des bouchons d&rsquo;induction thermique inviolables<\/li>\n<li>Des bo\u00eetes en vrac : 10 lb du produit dans une bo\u00eete en carton doubl\u00e9<\/li>\n<li>Des bouteilles de diff\u00e9rentes tailles pour les compl\u00e9ments d&#8217;emballage avec des fermetures de protection \u00e0 l&rsquo;\u00e9preuve des enfants<\/li>\n<li>Un service \u00e0 valeur ajout\u00e9e<\/li>\n<li>Un contr\u00f4le s\u00e9curis\u00e9 des \u00e9tiquettes<\/li>\n<li>Des certifications telles que biologique et sans OGM<\/li>\n<li>Un d\u00e9veloppement cr\u00e9atif d\u2019emballages<\/li>\n<li>Une divulgation d\u00e9taill\u00e9e des ingr\u00e9dients et valeurs nutritionnelles pour faciliter la cr\u00e9ation d&rsquo;\u00e9tiquettes<\/li>\n<li>Des manchons complets et des capuchons d&rsquo;induction de chaleur inviolables pour garantir que vos produits d\u00e9passent les normes de s\u00e9curit\u00e9 minimales de l&rsquo;industrie<\/li>\n<\/ul>\n<\/div>\n<\/div>\n<h2>Services \u00e0 valeur ajout\u00e9e<\/h2>\n<ul>\n<li>Contr\u00f4le des \u00e9tiquettes s\u00e9curis\u00e9<\/li>\n<li>Certifications telles que biologique et sans OGM<\/li>\n<li>D\u00e9veloppement cr\u00e9atif d\u2019emballages<\/li>\n<li>Divulgation d\u00e9taill\u00e9e des ingr\u00e9dients et valeurs nutritionnelles pour faciliter la cr\u00e9ation d&rsquo;\u00e9tiquettes<\/li>\n<li>Manchons complets et capuchons d&rsquo;induction de chaleur inviolables pour garantir que vos produits d\u00e9passent les normes de s\u00e9curit\u00e9 minimales de l&rsquo;industrie<\/li>\n<\/ul>\n<\/div>\n","protected":false},"excerpt":{"rendered":"<p>Usines certifi\u00e9es, emballages innovants et qualit\u00e9 l\u00e9gendaire Life Science Nutritionals est le meilleur fabricant contractuel associ\u00e9 de bonbons g\u00e9lifi\u00e9s probiotiques pour amener votre produit de l&rsquo;id\u00e9e au prototype et \u00e0 la production en s\u00e9rie. Notre usine au Canada a la capacit\u00e9 de produire 5 millions de vitamines g\u00e9lifi\u00e9es par jour. De plus, nos machines sophistiqu\u00e9es [&hellip;]<\/p>\n","protected":false},"author":1,"featured_media":0,"parent":14542,"menu_order":0,"comment_status":"closed","ping_status":"closed","template":"","meta":{"_acf_changed":false,"footnotes":""},"class_list":["post-14546","page","type-page","status-publish","hentry"],"acf":[],"yoast_head":"<!-- This site is optimized with the Yoast SEO plugin v27.5 - https:\/\/yoast.com\/product\/yoast-seo-wordpress\/ -->\n<title>Fabricant de Suppl\u00e9ments G\u00e9lifi\u00e9s - Probiotiques sous Forme de G\u00e9lifi\u00e9s - Life Science Nutritionals - Acton Vale, Quebec<\/title>\n<meta name=\"description\" content=\"Life Science Nutritionals (LSN) est le principal fabricant contractuel de syst\u00e8mes de distribution de confiseries enrichies pour les march\u00e9s probiotiques. Nous fabriquons \u00e9galement des bonbons g\u00e9lifi\u00e9s certifi\u00e9s biologiques et sans OGM avec des ingr\u00e9dients de la plus haute qualit\u00e9\" \/>\n<meta name=\"robots\" content=\"index, follow, max-snippet:-1, max-image-preview:large, max-video-preview:-1\" \/>\n<link rel=\"canonical\" href=\"https:\/\/lifescinutritionals.com\/fr\/competences\/solutions\/\" \/>\n<meta property=\"og:locale\" content=\"fr_FR\" \/>\n<meta property=\"og:type\" content=\"article\" \/>\n<meta property=\"og:title\" content=\"Fabricant de Suppl\u00e9ments G\u00e9lifi\u00e9s - Probiotiques sous Forme de G\u00e9lifi\u00e9s - Life Science Nutritionals - Acton Vale, Quebec\" \/>\n<meta property=\"og:description\" content=\"Life Science Nutritionals (LSN) est le principal fabricant contractuel de syst\u00e8mes de distribution de confiseries enrichies pour les march\u00e9s probiotiques. Nous fabriquons \u00e9galement des bonbons g\u00e9lifi\u00e9s certifi\u00e9s biologiques et sans OGM avec des ingr\u00e9dients de la plus haute qualit\u00e9\" \/>\n<meta property=\"og:url\" content=\"https:\/\/lifescinutritionals.com\/fr\/competences\/solutions\/\" \/>\n<meta property=\"og:site_name\" content=\"Life Science Nutritionals\" \/>\n<meta property=\"article:publisher\" content=\"https:\/\/www.facebook.com\/lsncanada\/\" \/>\n<meta property=\"article:modified_time\" content=\"2024-11-14T16:24:40+00:00\" \/>\n<meta property=\"og:image\" content=\"https:\/\/lifescinutritionals.com\/wp-content\/uploads\/gummies-5-web-min.jpg\" \/>\n\t<meta property=\"og:image:width\" content=\"1418\" \/>\n\t<meta property=\"og:image:height\" content=\"633\" \/>\n\t<meta property=\"og:image:type\" content=\"image\/jpeg\" \/>\n<meta name=\"twitter:card\" content=\"summary_large_image\" \/>\n<meta name=\"twitter:label1\" content=\"Dur\u00e9e de lecture estim\u00e9e\" \/>\n\t<meta name=\"twitter:data1\" content=\"3 minutes\" \/>\n<script type=\"application\/ld+json\" class=\"yoast-schema-graph\">{\"@context\":\"https:\\\/\\\/schema.org\",\"@graph\":[{\"@type\":\"WebPage\",\"@id\":\"https:\\\/\\\/lifescinutritionals.com\\\/fr\\\/competences\\\/solutions\\\/\",\"url\":\"https:\\\/\\\/lifescinutritionals.com\\\/fr\\\/competences\\\/solutions\\\/\",\"name\":\"Fabricant de Suppl\u00e9ments G\u00e9lifi\u00e9s - Probiotiques sous Forme de G\u00e9lifi\u00e9s - Life Science Nutritionals - Acton Vale, Quebec\",\"isPartOf\":{\"@id\":\"https:\\\/\\\/lifescinutritionals.com\\\/fr\\\/#website\"},\"primaryImageOfPage\":{\"@id\":\"https:\\\/\\\/lifescinutritionals.com\\\/fr\\\/competences\\\/solutions\\\/#primaryimage\"},\"image\":{\"@id\":\"https:\\\/\\\/lifescinutritionals.com\\\/fr\\\/competences\\\/solutions\\\/#primaryimage\"},\"thumbnailUrl\":\"https:\\\/\\\/lifescinutritionals.com\\\/wp-content\\\/uploads\\\/\\\/Orange-21-799x1024.jpeg\",\"datePublished\":\"2016-11-15T18:03:28+00:00\",\"dateModified\":\"2024-11-14T16:24:40+00:00\",\"description\":\"Life Science Nutritionals (LSN) est le principal fabricant contractuel de syst\u00e8mes de distribution de confiseries enrichies pour les march\u00e9s probiotiques. Nous fabriquons \u00e9galement des bonbons g\u00e9lifi\u00e9s certifi\u00e9s biologiques et sans OGM avec des ingr\u00e9dients de la plus haute qualit\u00e9\",\"breadcrumb\":{\"@id\":\"https:\\\/\\\/lifescinutritionals.com\\\/fr\\\/competences\\\/solutions\\\/#breadcrumb\"},\"inLanguage\":\"fr-FR\",\"potentialAction\":[{\"@type\":\"ReadAction\",\"target\":[\"https:\\\/\\\/lifescinutritionals.com\\\/fr\\\/competences\\\/solutions\\\/\"]}]},{\"@type\":\"ImageObject\",\"inLanguage\":\"fr-FR\",\"@id\":\"https:\\\/\\\/lifescinutritionals.com\\\/fr\\\/competences\\\/solutions\\\/#primaryimage\",\"url\":\"https:\\\/\\\/lifescinutritionals.com\\\/wp-content\\\/uploads\\\/\\\/Orange-21-799x1024.jpeg\",\"contentUrl\":\"https:\\\/\\\/lifescinutritionals.com\\\/wp-content\\\/uploads\\\/\\\/Orange-21-799x1024.jpeg\"},{\"@type\":\"BreadcrumbList\",\"@id\":\"https:\\\/\\\/lifescinutritionals.com\\\/fr\\\/competences\\\/solutions\\\/#breadcrumb\",\"itemListElement\":[{\"@type\":\"ListItem\",\"position\":1,\"name\":\"Home\",\"item\":\"https:\\\/\\\/lifescinutritionals.com\\\/fr\\\/\"},{\"@type\":\"ListItem\",\"position\":2,\"name\":\"Comp\u00e9tences\",\"item\":\"https:\\\/\\\/lifescinutritionals.com\\\/fr\\\/competences\\\/\"},{\"@type\":\"ListItem\",\"position\":3,\"name\":\"Solutions\"}]},{\"@type\":\"WebSite\",\"@id\":\"https:\\\/\\\/lifescinutritionals.com\\\/fr\\\/#website\",\"url\":\"https:\\\/\\\/lifescinutritionals.com\\\/fr\\\/\",\"name\":\"Life Science Nutritionals\",\"description\":\"\",\"publisher\":{\"@id\":\"https:\\\/\\\/lifescinutritionals.com\\\/fr\\\/#organization\"},\"potentialAction\":[{\"@type\":\"SearchAction\",\"target\":{\"@type\":\"EntryPoint\",\"urlTemplate\":\"https:\\\/\\\/lifescinutritionals.com\\\/fr\\\/?s={search_term_string}\"},\"query-input\":{\"@type\":\"PropertyValueSpecification\",\"valueRequired\":true,\"valueName\":\"search_term_string\"}}],\"inLanguage\":\"fr-FR\"},{\"@type\":\"Organization\",\"@id\":\"https:\\\/\\\/lifescinutritionals.com\\\/fr\\\/#organization\",\"name\":\"Life Science Nutritionals\",\"url\":\"https:\\\/\\\/lifescinutritionals.com\\\/fr\\\/\",\"logo\":{\"@type\":\"ImageObject\",\"inLanguage\":\"fr-FR\",\"@id\":\"https:\\\/\\\/lifescinutritionals.com\\\/fr\\\/#\\\/schema\\\/logo\\\/image\\\/\",\"url\":\"https:\\\/\\\/lifescinutritionals.com\\\/wp-content\\\/uploads\\\/logo-LSN-horizontal-min.jpg\",\"contentUrl\":\"https:\\\/\\\/lifescinutritionals.com\\\/wp-content\\\/uploads\\\/logo-LSN-horizontal-min.jpg\",\"width\":575,\"height\":133,\"caption\":\"Life Science Nutritionals\"},\"image\":{\"@id\":\"https:\\\/\\\/lifescinutritionals.com\\\/fr\\\/#\\\/schema\\\/logo\\\/image\\\/\"},\"sameAs\":[\"https:\\\/\\\/www.facebook.com\\\/lsncanada\\\/\"]}]}<\/script>\n<!-- \/ Yoast SEO plugin. -->","yoast_head_json":{"title":"Fabricant de Suppl\u00e9ments G\u00e9lifi\u00e9s - Probiotiques sous Forme de G\u00e9lifi\u00e9s - Life Science Nutritionals - Acton Vale, Quebec","description":"Life Science Nutritionals (LSN) est le principal fabricant contractuel de syst\u00e8mes de distribution de confiseries enrichies pour les march\u00e9s probiotiques. Nous fabriquons \u00e9galement des bonbons g\u00e9lifi\u00e9s certifi\u00e9s biologiques et sans OGM avec des ingr\u00e9dients de la plus haute qualit\u00e9","robots":{"index":"index","follow":"follow","max-snippet":"max-snippet:-1","max-image-preview":"max-image-preview:large","max-video-preview":"max-video-preview:-1"},"canonical":"https:\/\/lifescinutritionals.com\/fr\/competences\/solutions\/","og_locale":"fr_FR","og_type":"article","og_title":"Fabricant de Suppl\u00e9ments G\u00e9lifi\u00e9s - Probiotiques sous Forme de G\u00e9lifi\u00e9s - Life Science Nutritionals - Acton Vale, Quebec","og_description":"Life Science Nutritionals (LSN) est le principal fabricant contractuel de syst\u00e8mes de distribution de confiseries enrichies pour les march\u00e9s probiotiques. Nous fabriquons \u00e9galement des bonbons g\u00e9lifi\u00e9s certifi\u00e9s biologiques et sans OGM avec des ingr\u00e9dients de la plus haute qualit\u00e9","og_url":"https:\/\/lifescinutritionals.com\/fr\/competences\/solutions\/","og_site_name":"Life Science Nutritionals","article_publisher":"https:\/\/www.facebook.com\/lsncanada\/","article_modified_time":"2024-11-14T16:24:40+00:00","og_image":[{"width":1418,"height":633,"url":"https:\/\/lifescinutritionals.com\/wp-content\/uploads\/gummies-5-web-min.jpg","type":"image\/jpeg"}],"twitter_card":"summary_large_image","twitter_misc":{"Dur\u00e9e de lecture estim\u00e9e":"3 minutes"},"schema":{"@context":"https:\/\/schema.org","@graph":[{"@type":"WebPage","@id":"https:\/\/lifescinutritionals.com\/fr\/competences\/solutions\/","url":"https:\/\/lifescinutritionals.com\/fr\/competences\/solutions\/","name":"Fabricant de Suppl\u00e9ments G\u00e9lifi\u00e9s - Probiotiques sous Forme de G\u00e9lifi\u00e9s - Life Science Nutritionals - Acton Vale, Quebec","isPartOf":{"@id":"https:\/\/lifescinutritionals.com\/fr\/#website"},"primaryImageOfPage":{"@id":"https:\/\/lifescinutritionals.com\/fr\/competences\/solutions\/#primaryimage"},"image":{"@id":"https:\/\/lifescinutritionals.com\/fr\/competences\/solutions\/#primaryimage"},"thumbnailUrl":"https:\/\/lifescinutritionals.com\/wp-content\/uploads\/\/Orange-21-799x1024.jpeg","datePublished":"2016-11-15T18:03:28+00:00","dateModified":"2024-11-14T16:24:40+00:00","description":"Life Science Nutritionals (LSN) est le principal fabricant contractuel de syst\u00e8mes de distribution de confiseries enrichies pour les march\u00e9s probiotiques. Nous fabriquons \u00e9galement des bonbons g\u00e9lifi\u00e9s certifi\u00e9s biologiques et sans OGM avec des ingr\u00e9dients de la plus haute qualit\u00e9","breadcrumb":{"@id":"https:\/\/lifescinutritionals.com\/fr\/competences\/solutions\/#breadcrumb"},"inLanguage":"fr-FR","potentialAction":[{"@type":"ReadAction","target":["https:\/\/lifescinutritionals.com\/fr\/competences\/solutions\/"]}]},{"@type":"ImageObject","inLanguage":"fr-FR","@id":"https:\/\/lifescinutritionals.com\/fr\/competences\/solutions\/#primaryimage","url":"https:\/\/lifescinutritionals.com\/wp-content\/uploads\/\/Orange-21-799x1024.jpeg","contentUrl":"https:\/\/lifescinutritionals.com\/wp-content\/uploads\/\/Orange-21-799x1024.jpeg"},{"@type":"BreadcrumbList","@id":"https:\/\/lifescinutritionals.com\/fr\/competences\/solutions\/#breadcrumb","itemListElement":[{"@type":"ListItem","position":1,"name":"Home","item":"https:\/\/lifescinutritionals.com\/fr\/"},{"@type":"ListItem","position":2,"name":"Comp\u00e9tences","item":"https:\/\/lifescinutritionals.com\/fr\/competences\/"},{"@type":"ListItem","position":3,"name":"Solutions"}]},{"@type":"WebSite","@id":"https:\/\/lifescinutritionals.com\/fr\/#website","url":"https:\/\/lifescinutritionals.com\/fr\/","name":"Life Science Nutritionals","description":"","publisher":{"@id":"https:\/\/lifescinutritionals.com\/fr\/#organization"},"potentialAction":[{"@type":"SearchAction","target":{"@type":"EntryPoint","urlTemplate":"https:\/\/lifescinutritionals.com\/fr\/?s={search_term_string}"},"query-input":{"@type":"PropertyValueSpecification","valueRequired":true,"valueName":"search_term_string"}}],"inLanguage":"fr-FR"},{"@type":"Organization","@id":"https:\/\/lifescinutritionals.com\/fr\/#organization","name":"Life Science Nutritionals","url":"https:\/\/lifescinutritionals.com\/fr\/","logo":{"@type":"ImageObject","inLanguage":"fr-FR","@id":"https:\/\/lifescinutritionals.com\/fr\/#\/schema\/logo\/image\/","url":"https:\/\/lifescinutritionals.com\/wp-content\/uploads\/logo-LSN-horizontal-min.jpg","contentUrl":"https:\/\/lifescinutritionals.com\/wp-content\/uploads\/logo-LSN-horizontal-min.jpg","width":575,"height":133,"caption":"Life Science Nutritionals"},"image":{"@id":"https:\/\/lifescinutritionals.com\/fr\/#\/schema\/logo\/image\/"},"sameAs":["https:\/\/www.facebook.com\/lsncanada\/"]}]}},"_links":{"self":[{"href":"https:\/\/lifescinutritionals.com\/fr\/wp-json\/wp\/v2\/pages\/14546","targetHints":{"allow":["GET"]}}],"collection":[{"href":"https:\/\/lifescinutritionals.com\/fr\/wp-json\/wp\/v2\/pages"}],"about":[{"href":"https:\/\/lifescinutritionals.com\/fr\/wp-json\/wp\/v2\/types\/page"}],"author":[{"embeddable":true,"href":"https:\/\/lifescinutritionals.com\/fr\/wp-json\/wp\/v2\/users\/1"}],"replies":[{"embeddable":true,"href":"https:\/\/lifescinutritionals.com\/fr\/wp-json\/wp\/v2\/comments?post=14546"}],"version-history":[{"count":13,"href":"https:\/\/lifescinutritionals.com\/fr\/wp-json\/wp\/v2\/pages\/14546\/revisions"}],"predecessor-version":[{"id":14710,"href":"https:\/\/lifescinutritionals.com\/fr\/wp-json\/wp\/v2\/pages\/14546\/revisions\/14710"}],"up":[{"embeddable":true,"href":"https:\/\/lifescinutritionals.com\/fr\/wp-json\/wp\/v2\/pages\/14542"}],"wp:attachment":[{"href":"https:\/\/lifescinutritionals.com\/fr\/wp-json\/wp\/v2\/media?parent=14546"}],"curies":[{"name":"wp","href":"https:\/\/api.w.org\/{rel}","templated":true}]}}