{"id":14544,"date":"2021-03-04T17:35:23","date_gmt":"2021-03-04T17:35:23","guid":{"rendered":"https:\/\/lifescinutritionals.com\/?page_id=14544"},"modified":"2024-11-14T16:24:00","modified_gmt":"2024-11-14T16:24:00","slug":"expertise","status":"publish","type":"page","link":"https:\/\/lifescinutritionals.com\/fr\/competences\/expertise\/","title":{"rendered":"Expertise"},"content":{"rendered":"<h2>Innovation dans la science de la g\u00e9lification<\/h2>\n<p><img decoding=\"async\" src=\"https:\/\/lifescinutritionals.com\/wp-content\/uploads\/\/Orange-4-951x1024.jpeg\" alt=\"gummies-6-web-min\" width=\"400\" class=\"alignnone size-large wp-image-235 img-fl\" \/>Depuis 2005, Life Science Nutritionals a ouvert la voie dans la fabrication de bonbons g\u00e9lifi\u00e9s. Nous sommes les premiers \u00e0 pr\u00e9senter des bonbons g\u00e9lifi\u00e9s om\u00e9ga et des compl\u00e9ments alimentaires g\u00e9lifi\u00e9s \u00e0 base de pectine pour adultes au Canada et nous sommes la premi\u00e8re installation de bonbons g\u00e9lifi\u00e9s probiotiques en Am\u00e9rique du Nord. Une culture d&rsquo;innovation et des \u00e9quipes de R&#038;D talentueuses ont permis \u00e0 LSN d\u2019\u00eatre au premier plan parmi les pionniers du domaine.<\/p>\n<p>En 2015, Santa Cruz Nutritionals (SCN) a acquis LSN. SCN fournit plusieurs ann\u00e9es d&rsquo;exp\u00e9rience en tant que principal fabricant de suppl\u00e9ments g\u00e9lifi\u00e9s aux \u00c9tats-Unis.<\/p>\n<p>Nos ann\u00e9es d&rsquo;exp\u00e9rience sont votre avantage. Gr\u00e2ce \u00e0 nos connaissances approfondies, nous sommes en mesure de cibler rapidement des march\u00e9s de niche \u00e0 croissance rapide tels que les produits biologiques et les probiotiques. <\/p>\n<h2>Solutions cl\u00e9s en main pour la fabrication de bonbons g\u00e9lifi\u00e9s<\/h2>\n<p>Nos scientifiques en g\u00e9lification utilisent des ingr\u00e9dients de premi\u00e8re qualit\u00e9, des saveurs exclusives, des formules et des formes pour cr\u00e9er des produits qui vous sont uniques. Nous avons d\u00e9velopp\u00e9 des formules \u00e0 base de pectine et de g\u00e9latine pour la nutrition sportive, des produits naturels, des nutraceutiques, etc. Nous travaillerons avec vous pour d\u00e9velopper les meilleurs produits personnalis\u00e9s, de marque ou de magasin. Au moment de la production, votre gestionnaire de compte LSN d\u00e9vou\u00e9 vous accompagne \u00e0 chaque \u00e9tape du processus pour garantir que votre produit arrive rapidement sur le march\u00e9. De la R&#038;D \u00e0 la fabrication et \u00e0 l&rsquo;exp\u00e9dition, LSN est votre partenaire pour des solutions cl\u00e9s en main de fabrication de suppl\u00e9ments g\u00e9lifi\u00e9s.<\/p>\n<h2>Recherche et d\u00e9veloppement<\/h2>\n<ul>\n<li>Une assistance d\u2019experts \u00e0 la formulation pour r\u00e9pondre \u00e0 vos besoins sp\u00e9cifiques<\/li>\n<li>De vastes capacit\u00e9s de R&#038;D pour am\u00e9liorer la saveur, la couleur et la texture de vos produits<\/li>\n<li>Un laboratoire R&#038;D d\u00e9di\u00e9 pour cr\u00e9er des prototypes personnalis\u00e9s<\/li>\n<li>Des formules propri\u00e9taires :\n<ul>\n<li>Plus de 100 formules de produits et d\u2019extensions de gammes<\/li>\n<\/ul>\n<\/ul>\n<h2>Gestion de compte<\/h2>\n<ul>\n<li>Des gestionnaires de comptes d\u00e9vou\u00e9s, des prototypes de la R&#038;D jusqu\u2019\u00e0 la production<\/li>\n<li>Une anticipation de vos besoins et l\u2019\u00e9limination des probl\u00e8mes potentiels avant qu&rsquo;ils ne surviennent<\/li>\n<li>Une fourniture de d\u00e9lais de livraison pr\u00e9cis, de calendriers de livraison et de rapports sur l&rsquo;\u00e9tat des commandes<\/li>\n<\/ul>\n","protected":false},"excerpt":{"rendered":"<p>Innovation dans la science de la g\u00e9lification Depuis 2005, Life Science Nutritionals a ouvert la voie dans la fabrication de bonbons g\u00e9lifi\u00e9s. Nous sommes les premiers \u00e0 pr\u00e9senter des bonbons g\u00e9lifi\u00e9s om\u00e9ga et des compl\u00e9ments alimentaires g\u00e9lifi\u00e9s \u00e0 base de pectine pour adultes au Canada et nous sommes la premi\u00e8re installation de bonbons g\u00e9lifi\u00e9s probiotiques [&hellip;]<\/p>\n","protected":false},"author":2,"featured_media":0,"parent":14542,"menu_order":0,"comment_status":"closed","ping_status":"closed","template":"","meta":{"_acf_changed":false,"footnotes":""},"class_list":["post-14544","page","type-page","status-publish","hentry"],"acf":[],"yoast_head":"<!-- This site is optimized with the Yoast SEO plugin v27.5 - https:\/\/yoast.com\/product\/yoast-seo-wordpress\/ -->\n<title>Fabricant de Suppl\u00e9ments G\u00e9lifi\u00e9s - Probiotiques sous Forme de G\u00e9lifi\u00e9s - Life Science Nutritionals - Acton Vale, Quebec<\/title>\n<meta name=\"description\" content=\"Life Science Nutritionals (LSN) est le principal fabricant contractuel de syst\u00e8mes de distribution de confiseries enrichies pour les march\u00e9s probiotiques. Nous fabriquons \u00e9galement des bonbons g\u00e9lifi\u00e9s certifi\u00e9s biologiques et sans OGM avec des ingr\u00e9dients de la plus haute qualit\u00e9\" \/>\n<meta name=\"robots\" content=\"index, follow, max-snippet:-1, max-image-preview:large, max-video-preview:-1\" \/>\n<link rel=\"canonical\" href=\"https:\/\/lifescinutritionals.com\/fr\/competences\/expertise\/\" \/>\n<meta property=\"og:locale\" content=\"fr_FR\" \/>\n<meta property=\"og:type\" content=\"article\" \/>\n<meta property=\"og:title\" content=\"Fabricant de Suppl\u00e9ments G\u00e9lifi\u00e9s - Probiotiques sous Forme de G\u00e9lifi\u00e9s - Life Science Nutritionals - Acton Vale, Quebec\" \/>\n<meta property=\"og:description\" content=\"Life Science Nutritionals (LSN) est le principal fabricant contractuel de syst\u00e8mes de distribution de confiseries enrichies pour les march\u00e9s probiotiques. Nous fabriquons \u00e9galement des bonbons g\u00e9lifi\u00e9s certifi\u00e9s biologiques et sans OGM avec des ingr\u00e9dients de la plus haute qualit\u00e9\" \/>\n<meta property=\"og:url\" content=\"https:\/\/lifescinutritionals.com\/fr\/competences\/expertise\/\" \/>\n<meta property=\"og:site_name\" content=\"Life Science Nutritionals\" \/>\n<meta property=\"article:publisher\" content=\"https:\/\/www.facebook.com\/lsncanada\/\" \/>\n<meta property=\"article:modified_time\" content=\"2024-11-14T16:24:00+00:00\" \/>\n<meta property=\"og:image\" content=\"https:\/\/lifescinutritionals.com\/wp-content\/uploads\/gummies-6-web-min.jpg\" \/>\n\t<meta property=\"og:image:width\" content=\"1734\" \/>\n\t<meta property=\"og:image:height\" content=\"1080\" \/>\n\t<meta property=\"og:image:type\" content=\"image\/jpeg\" \/>\n<meta name=\"twitter:card\" content=\"summary_large_image\" \/>\n<meta name=\"twitter:label1\" content=\"Dur\u00e9e de lecture estim\u00e9e\" \/>\n\t<meta name=\"twitter:data1\" content=\"2 minutes\" \/>\n<script type=\"application\/ld+json\" class=\"yoast-schema-graph\">{\"@context\":\"https:\\\/\\\/schema.org\",\"@graph\":[{\"@type\":\"WebPage\",\"@id\":\"https:\\\/\\\/lifescinutritionals.com\\\/fr\\\/competences\\\/expertise\\\/\",\"url\":\"https:\\\/\\\/lifescinutritionals.com\\\/fr\\\/competences\\\/expertise\\\/\",\"name\":\"Fabricant de Suppl\u00e9ments G\u00e9lifi\u00e9s - Probiotiques sous Forme de G\u00e9lifi\u00e9s - Life Science Nutritionals - Acton Vale, Quebec\",\"isPartOf\":{\"@id\":\"https:\\\/\\\/lifescinutritionals.com\\\/fr\\\/#website\"},\"primaryImageOfPage\":{\"@id\":\"https:\\\/\\\/lifescinutritionals.com\\\/fr\\\/competences\\\/expertise\\\/#primaryimage\"},\"image\":{\"@id\":\"https:\\\/\\\/lifescinutritionals.com\\\/fr\\\/competences\\\/expertise\\\/#primaryimage\"},\"thumbnailUrl\":\"https:\\\/\\\/lifescinutritionals.com\\\/wp-content\\\/uploads\\\/\\\/Orange-4-951x1024.jpeg\",\"datePublished\":\"2021-03-04T17:35:23+00:00\",\"dateModified\":\"2024-11-14T16:24:00+00:00\",\"description\":\"Life Science Nutritionals (LSN) est le principal fabricant contractuel de syst\u00e8mes de distribution de confiseries enrichies pour les march\u00e9s probiotiques. Nous fabriquons \u00e9galement des bonbons g\u00e9lifi\u00e9s certifi\u00e9s biologiques et sans OGM avec des ingr\u00e9dients de la plus haute qualit\u00e9\",\"breadcrumb\":{\"@id\":\"https:\\\/\\\/lifescinutritionals.com\\\/fr\\\/competences\\\/expertise\\\/#breadcrumb\"},\"inLanguage\":\"fr-FR\",\"potentialAction\":[{\"@type\":\"ReadAction\",\"target\":[\"https:\\\/\\\/lifescinutritionals.com\\\/fr\\\/competences\\\/expertise\\\/\"]}]},{\"@type\":\"ImageObject\",\"inLanguage\":\"fr-FR\",\"@id\":\"https:\\\/\\\/lifescinutritionals.com\\\/fr\\\/competences\\\/expertise\\\/#primaryimage\",\"url\":\"https:\\\/\\\/lifescinutritionals.com\\\/wp-content\\\/uploads\\\/\\\/Orange-4-951x1024.jpeg\",\"contentUrl\":\"https:\\\/\\\/lifescinutritionals.com\\\/wp-content\\\/uploads\\\/\\\/Orange-4-951x1024.jpeg\"},{\"@type\":\"BreadcrumbList\",\"@id\":\"https:\\\/\\\/lifescinutritionals.com\\\/fr\\\/competences\\\/expertise\\\/#breadcrumb\",\"itemListElement\":[{\"@type\":\"ListItem\",\"position\":1,\"name\":\"Home\",\"item\":\"https:\\\/\\\/lifescinutritionals.com\\\/fr\\\/\"},{\"@type\":\"ListItem\",\"position\":2,\"name\":\"Comp\u00e9tences\",\"item\":\"https:\\\/\\\/lifescinutritionals.com\\\/fr\\\/competences\\\/\"},{\"@type\":\"ListItem\",\"position\":3,\"name\":\"Expertise\"}]},{\"@type\":\"WebSite\",\"@id\":\"https:\\\/\\\/lifescinutritionals.com\\\/fr\\\/#website\",\"url\":\"https:\\\/\\\/lifescinutritionals.com\\\/fr\\\/\",\"name\":\"Life Science Nutritionals\",\"description\":\"\",\"publisher\":{\"@id\":\"https:\\\/\\\/lifescinutritionals.com\\\/fr\\\/#organization\"},\"potentialAction\":[{\"@type\":\"SearchAction\",\"target\":{\"@type\":\"EntryPoint\",\"urlTemplate\":\"https:\\\/\\\/lifescinutritionals.com\\\/fr\\\/?s={search_term_string}\"},\"query-input\":{\"@type\":\"PropertyValueSpecification\",\"valueRequired\":true,\"valueName\":\"search_term_string\"}}],\"inLanguage\":\"fr-FR\"},{\"@type\":\"Organization\",\"@id\":\"https:\\\/\\\/lifescinutritionals.com\\\/fr\\\/#organization\",\"name\":\"Life Science Nutritionals\",\"url\":\"https:\\\/\\\/lifescinutritionals.com\\\/fr\\\/\",\"logo\":{\"@type\":\"ImageObject\",\"inLanguage\":\"fr-FR\",\"@id\":\"https:\\\/\\\/lifescinutritionals.com\\\/fr\\\/#\\\/schema\\\/logo\\\/image\\\/\",\"url\":\"https:\\\/\\\/lifescinutritionals.com\\\/wp-content\\\/uploads\\\/logo-LSN-horizontal-min.jpg\",\"contentUrl\":\"https:\\\/\\\/lifescinutritionals.com\\\/wp-content\\\/uploads\\\/logo-LSN-horizontal-min.jpg\",\"width\":575,\"height\":133,\"caption\":\"Life Science Nutritionals\"},\"image\":{\"@id\":\"https:\\\/\\\/lifescinutritionals.com\\\/fr\\\/#\\\/schema\\\/logo\\\/image\\\/\"},\"sameAs\":[\"https:\\\/\\\/www.facebook.com\\\/lsncanada\\\/\"]}]}<\/script>\n<!-- \/ Yoast SEO plugin. -->","yoast_head_json":{"title":"Fabricant de Suppl\u00e9ments G\u00e9lifi\u00e9s - Probiotiques sous Forme de G\u00e9lifi\u00e9s - Life Science Nutritionals - Acton Vale, Quebec","description":"Life Science Nutritionals (LSN) est le principal fabricant contractuel de syst\u00e8mes de distribution de confiseries enrichies pour les march\u00e9s probiotiques. Nous fabriquons \u00e9galement des bonbons g\u00e9lifi\u00e9s certifi\u00e9s biologiques et sans OGM avec des ingr\u00e9dients de la plus haute qualit\u00e9","robots":{"index":"index","follow":"follow","max-snippet":"max-snippet:-1","max-image-preview":"max-image-preview:large","max-video-preview":"max-video-preview:-1"},"canonical":"https:\/\/lifescinutritionals.com\/fr\/competences\/expertise\/","og_locale":"fr_FR","og_type":"article","og_title":"Fabricant de Suppl\u00e9ments G\u00e9lifi\u00e9s - Probiotiques sous Forme de G\u00e9lifi\u00e9s - Life Science Nutritionals - Acton Vale, Quebec","og_description":"Life Science Nutritionals (LSN) est le principal fabricant contractuel de syst\u00e8mes de distribution de confiseries enrichies pour les march\u00e9s probiotiques. Nous fabriquons \u00e9galement des bonbons g\u00e9lifi\u00e9s certifi\u00e9s biologiques et sans OGM avec des ingr\u00e9dients de la plus haute qualit\u00e9","og_url":"https:\/\/lifescinutritionals.com\/fr\/competences\/expertise\/","og_site_name":"Life Science Nutritionals","article_publisher":"https:\/\/www.facebook.com\/lsncanada\/","article_modified_time":"2024-11-14T16:24:00+00:00","og_image":[{"width":1734,"height":1080,"url":"https:\/\/lifescinutritionals.com\/wp-content\/uploads\/gummies-6-web-min.jpg","type":"image\/jpeg"}],"twitter_card":"summary_large_image","twitter_misc":{"Dur\u00e9e de lecture estim\u00e9e":"2 minutes"},"schema":{"@context":"https:\/\/schema.org","@graph":[{"@type":"WebPage","@id":"https:\/\/lifescinutritionals.com\/fr\/competences\/expertise\/","url":"https:\/\/lifescinutritionals.com\/fr\/competences\/expertise\/","name":"Fabricant de Suppl\u00e9ments G\u00e9lifi\u00e9s - Probiotiques sous Forme de G\u00e9lifi\u00e9s - Life Science Nutritionals - Acton Vale, Quebec","isPartOf":{"@id":"https:\/\/lifescinutritionals.com\/fr\/#website"},"primaryImageOfPage":{"@id":"https:\/\/lifescinutritionals.com\/fr\/competences\/expertise\/#primaryimage"},"image":{"@id":"https:\/\/lifescinutritionals.com\/fr\/competences\/expertise\/#primaryimage"},"thumbnailUrl":"https:\/\/lifescinutritionals.com\/wp-content\/uploads\/\/Orange-4-951x1024.jpeg","datePublished":"2021-03-04T17:35:23+00:00","dateModified":"2024-11-14T16:24:00+00:00","description":"Life Science Nutritionals (LSN) est le principal fabricant contractuel de syst\u00e8mes de distribution de confiseries enrichies pour les march\u00e9s probiotiques. Nous fabriquons \u00e9galement des bonbons g\u00e9lifi\u00e9s certifi\u00e9s biologiques et sans OGM avec des ingr\u00e9dients de la plus haute qualit\u00e9","breadcrumb":{"@id":"https:\/\/lifescinutritionals.com\/fr\/competences\/expertise\/#breadcrumb"},"inLanguage":"fr-FR","potentialAction":[{"@type":"ReadAction","target":["https:\/\/lifescinutritionals.com\/fr\/competences\/expertise\/"]}]},{"@type":"ImageObject","inLanguage":"fr-FR","@id":"https:\/\/lifescinutritionals.com\/fr\/competences\/expertise\/#primaryimage","url":"https:\/\/lifescinutritionals.com\/wp-content\/uploads\/\/Orange-4-951x1024.jpeg","contentUrl":"https:\/\/lifescinutritionals.com\/wp-content\/uploads\/\/Orange-4-951x1024.jpeg"},{"@type":"BreadcrumbList","@id":"https:\/\/lifescinutritionals.com\/fr\/competences\/expertise\/#breadcrumb","itemListElement":[{"@type":"ListItem","position":1,"name":"Home","item":"https:\/\/lifescinutritionals.com\/fr\/"},{"@type":"ListItem","position":2,"name":"Comp\u00e9tences","item":"https:\/\/lifescinutritionals.com\/fr\/competences\/"},{"@type":"ListItem","position":3,"name":"Expertise"}]},{"@type":"WebSite","@id":"https:\/\/lifescinutritionals.com\/fr\/#website","url":"https:\/\/lifescinutritionals.com\/fr\/","name":"Life Science Nutritionals","description":"","publisher":{"@id":"https:\/\/lifescinutritionals.com\/fr\/#organization"},"potentialAction":[{"@type":"SearchAction","target":{"@type":"EntryPoint","urlTemplate":"https:\/\/lifescinutritionals.com\/fr\/?s={search_term_string}"},"query-input":{"@type":"PropertyValueSpecification","valueRequired":true,"valueName":"search_term_string"}}],"inLanguage":"fr-FR"},{"@type":"Organization","@id":"https:\/\/lifescinutritionals.com\/fr\/#organization","name":"Life Science Nutritionals","url":"https:\/\/lifescinutritionals.com\/fr\/","logo":{"@type":"ImageObject","inLanguage":"fr-FR","@id":"https:\/\/lifescinutritionals.com\/fr\/#\/schema\/logo\/image\/","url":"https:\/\/lifescinutritionals.com\/wp-content\/uploads\/logo-LSN-horizontal-min.jpg","contentUrl":"https:\/\/lifescinutritionals.com\/wp-content\/uploads\/logo-LSN-horizontal-min.jpg","width":575,"height":133,"caption":"Life Science Nutritionals"},"image":{"@id":"https:\/\/lifescinutritionals.com\/fr\/#\/schema\/logo\/image\/"},"sameAs":["https:\/\/www.facebook.com\/lsncanada\/"]}]}},"_links":{"self":[{"href":"https:\/\/lifescinutritionals.com\/fr\/wp-json\/wp\/v2\/pages\/14544","targetHints":{"allow":["GET"]}}],"collection":[{"href":"https:\/\/lifescinutritionals.com\/fr\/wp-json\/wp\/v2\/pages"}],"about":[{"href":"https:\/\/lifescinutritionals.com\/fr\/wp-json\/wp\/v2\/types\/page"}],"author":[{"embeddable":true,"href":"https:\/\/lifescinutritionals.com\/fr\/wp-json\/wp\/v2\/users\/2"}],"replies":[{"embeddable":true,"href":"https:\/\/lifescinutritionals.com\/fr\/wp-json\/wp\/v2\/comments?post=14544"}],"version-history":[{"count":5,"href":"https:\/\/lifescinutritionals.com\/fr\/wp-json\/wp\/v2\/pages\/14544\/revisions"}],"predecessor-version":[{"id":14709,"href":"https:\/\/lifescinutritionals.com\/fr\/wp-json\/wp\/v2\/pages\/14544\/revisions\/14709"}],"up":[{"embeddable":true,"href":"https:\/\/lifescinutritionals.com\/fr\/wp-json\/wp\/v2\/pages\/14542"}],"wp:attachment":[{"href":"https:\/\/lifescinutritionals.com\/fr\/wp-json\/wp\/v2\/media?parent=14544"}],"curies":[{"name":"wp","href":"https:\/\/api.w.org\/{rel}","templated":true}]}}