{"id":14537,"date":"2021-03-04T17:02:09","date_gmt":"2021-03-04T17:02:09","guid":{"rendered":"https:\/\/lifescinutritionals.com\/?page_id=14537"},"modified":"2024-11-14T16:23:13","modified_gmt":"2024-11-14T16:23:13","slug":"qui-sommes-nous","status":"publish","type":"page","link":"https:\/\/lifescinutritionals.com\/fr\/qui-sommes-nous\/","title":{"rendered":"Qui sommes-nous?"},"content":{"rendered":"<p><img decoding=\"async\" class=\"alignnone size-large wp-image-239 img-fr\" src=\"https:\/\/lifescinutritionals.com\/wp-content\/uploads\/\/Multi-9-1024x884.jpeg\" alt=\"gummies-10-web-min\" width=\"400\" \/><strong>Pionniers des bonbons g\u00e9lifi\u00e9s<\/strong><br \/>\nLife Science Nutritionals (LSN) est le principal fabricant contractuel de syst\u00e8mes de distribution de confiseries enrichies pour les march\u00e9s probiotiques. Avec une expertise unique en science alimentaire et des proc\u00e9d\u00e9s exclusifs, nous sommes les pionniers dans cette cat\u00e9gorie. Premiers fabricants de bonbons g\u00e9lifi\u00e9s probiotiques en Am\u00e9rique du Nord, nous produisons une large gamme de produits pour nos partenaires industriels et de vente au d\u00e9tail de marque. Au-del\u00e0 des suppl\u00e9ments, nous fabriquons \u00e9galement des bonbons g\u00e9lifi\u00e9s certifi\u00e9s biologiques et sans OGM avec des ingr\u00e9dients de la plus haute qualit\u00e9.<br \/>\n<img decoding=\"async\" class=\"alignnone size-large wp-image-233 img-fl\" src=\"https:\/\/lifescinutritionals.com\/wp-content\/uploads\/\/Orange-14-1024x698.jpeg\" alt=\"gummies-4-web-min\" width=\"400\" \/><br \/>\nFond\u00e9e en 2005 et acquise en 2015 par Santa Cruz Nutritionals, LSN a commenc\u00e9 \u00e0 fabriquer des probiotiques sous forme de g\u00e9lifi\u00e9s en 2016,  devenant la premi\u00e8re usine en Am\u00e9rique du Nord \u00e0 en fabriquer. Notre offre comprend des probiotiques \u00e0 haute dose, des pr\u00e9biotiques avec probiotiques, des m\u00e9langes immunitaires avec probiotiques, des suppl\u00e9ments pour enfants, des bonbons g\u00e9lifi\u00e9s \u00e0 base de pectine et de g\u00e9latine et plus encore.<\/p>\n<p>Au cours des derni\u00e8res ann\u00e9es, nous avons eu le privil\u00e8ge de nous associer \u00e0 de nombreuses grandes marques de nutraceutiques et \u00e0 certains des plus grands d\u00e9taillants am\u00e9ricains. Notre fiabilit\u00e9, notre int\u00e9grit\u00e9 et notre excellent service \u00e0 la client\u00e8le nous ont gagn\u00e9 notre r\u00e9putation en tant que principal fabricant contractuel de bonbons g\u00e9lifi\u00e9s au monde.<\/p>\n<p><strong>Qu&rsquo;est-ce qui fait de Life Science Nutritionals le partenaire id\u00e9al comme fabricant contractuel de bonbons g\u00e9lifi\u00e9s?<\/strong><\/p>\n<ul>\n<li>Gestionnaires de comptes d\u00e9vou\u00e9s et engag\u00e9s dans la r\u00e9ussite de leurs clients<\/li>\n<li>Ingr\u00e9dients de premi\u00e8re qualit\u00e9. Des certificats d&rsquo;analyse sont disponibles pour chaque mati\u00e8re premi\u00e8re<\/li>\n<li>Nos syst\u00e8mes de contr\u00f4le de documents assurent une tra\u00e7abilit\u00e9 compl\u00e8te du mat\u00e9riel<\/li>\n<li>Laboratoire de R&#038;D \u00e0 service complet avec des scientifiques experts en g\u00e9lification<\/li>\n<li>Un large \u00e9ventail d&rsquo;options d&#8217;emballage et d&#8217;empaquetage<\/li>\n<li>Entreposage et distribution ax\u00e9s sur la qualit\u00e9 et la rentabilit\u00e9<\/li>\n<li>Notre usine est:<img decoding=\"async\" class=\"alignnone size-large wp-image-231 img-fr\" src=\"https:\/\/lifescinutritionals.com\/wp-content\/uploads\/\/gummies-2-web-min-1024x700.jpg\" alt=\"gummies-2-web-min\" width=\"400\" srcset=\"https:\/\/lifescinutritionals.com\/wp-content\/uploads\/gummies-2-web-min-1024x700.jpg 1024w, https:\/\/lifescinutritionals.com\/wp-content\/uploads\/gummies-2-web-min-300x205.jpg 300w, https:\/\/lifescinutritionals.com\/wp-content\/uploads\/gummies-2-web-min.jpg 1581w\" sizes=\"(max-width: 1024px) 100vw, 1024px\" \/>\n<ul>\n<li>Enregistr\u00e9e aupr\u00e8s de la FDA<\/li>\n<li>Un site agr\u00e9\u00e9 par Sant\u00e9 Canada<\/li>\n<li>Conforme aux normes FDA et BPF pour l&rsquo;assurance de la qualit\u00e9<\/li>\n<li>Approuv\u00e9 par la Quality Assurance International (QAI) pour manufacturer des produits biologiques conform\u00e9ment aux normes du programme biologique national de l&rsquo;USDA<\/li>\n<li>Une usine de fabrication ultramoderne certifi\u00e9e NSF<\/li>\n<li>Une installation exempte des principaux allerg\u00e8nes alimentaires<\/li>\n<\/ul>\n<\/li>\n<\/ul>\n","protected":false},"excerpt":{"rendered":"<p>Pionniers des bonbons g\u00e9lifi\u00e9s Life Science Nutritionals (LSN) est le principal fabricant contractuel de syst\u00e8mes de distribution de confiseries enrichies pour les march\u00e9s probiotiques. Avec une expertise unique en science alimentaire et des proc\u00e9d\u00e9s exclusifs, nous sommes les pionniers dans cette cat\u00e9gorie. Premiers fabricants de bonbons g\u00e9lifi\u00e9s probiotiques en Am\u00e9rique du Nord, nous produisons une [&hellip;]<\/p>\n","protected":false},"author":2,"featured_media":0,"parent":0,"menu_order":0,"comment_status":"closed","ping_status":"closed","template":"","meta":{"_acf_changed":false,"footnotes":""},"class_list":["post-14537","page","type-page","status-publish","hentry"],"acf":[],"yoast_head":"<!-- This site is optimized with the Yoast SEO plugin v27.5 - https:\/\/yoast.com\/product\/yoast-seo-wordpress\/ -->\n<title>Fabricant de Suppl\u00e9ments G\u00e9lifi\u00e9s - Probiotiques sous Forme de G\u00e9lifi\u00e9s - Life Science Nutritionals - Acton Vale, Quebec<\/title>\n<meta name=\"description\" content=\"Life Science Nutritionals (LSN) est le principal fabricant contractuel de syst\u00e8mes de distribution de confiseries enrichies pour les march\u00e9s probiotiques. Nous fabriquons \u00e9galement des bonbons g\u00e9lifi\u00e9s certifi\u00e9s biologiques et sans OGM avec des ingr\u00e9dients de la plus haute qualit\u00e9\" \/>\n<meta name=\"robots\" content=\"index, follow, max-snippet:-1, max-image-preview:large, max-video-preview:-1\" \/>\n<link rel=\"canonical\" href=\"https:\/\/lifescinutritionals.com\/fr\/qui-sommes-nous\/\" \/>\n<meta property=\"og:locale\" content=\"fr_FR\" \/>\n<meta property=\"og:type\" content=\"article\" \/>\n<meta property=\"og:title\" content=\"Fabricant de Suppl\u00e9ments G\u00e9lifi\u00e9s - Probiotiques sous Forme de G\u00e9lifi\u00e9s - Life Science Nutritionals - Acton Vale, Quebec\" \/>\n<meta property=\"og:description\" content=\"Life Science Nutritionals (LSN) est le principal fabricant contractuel de syst\u00e8mes de distribution de confiseries enrichies pour les march\u00e9s probiotiques. Nous fabriquons \u00e9galement des bonbons g\u00e9lifi\u00e9s certifi\u00e9s biologiques et sans OGM avec des ingr\u00e9dients de la plus haute qualit\u00e9\" \/>\n<meta property=\"og:url\" content=\"https:\/\/lifescinutritionals.com\/fr\/qui-sommes-nous\/\" \/>\n<meta property=\"og:site_name\" content=\"Life Science Nutritionals\" \/>\n<meta property=\"article:publisher\" content=\"https:\/\/www.facebook.com\/lsncanada\/\" \/>\n<meta property=\"article:modified_time\" content=\"2024-11-14T16:23:13+00:00\" \/>\n<meta property=\"og:image\" content=\"https:\/\/lifescinutritionals.com\/wp-content\/uploads\/gummies-10-web-min.jpg\" \/>\n\t<meta property=\"og:image:width\" content=\"1618\" \/>\n\t<meta property=\"og:image:height\" content=\"1080\" \/>\n\t<meta property=\"og:image:type\" content=\"image\/jpeg\" \/>\n<meta name=\"twitter:card\" content=\"summary_large_image\" \/>\n<meta name=\"twitter:label1\" content=\"Dur\u00e9e de lecture estim\u00e9e\" \/>\n\t<meta name=\"twitter:data1\" content=\"3 minutes\" \/>\n<script type=\"application\/ld+json\" class=\"yoast-schema-graph\">{\"@context\":\"https:\\\/\\\/schema.org\",\"@graph\":[{\"@type\":\"WebPage\",\"@id\":\"https:\\\/\\\/lifescinutritionals.com\\\/fr\\\/qui-sommes-nous\\\/\",\"url\":\"https:\\\/\\\/lifescinutritionals.com\\\/fr\\\/qui-sommes-nous\\\/\",\"name\":\"Fabricant de Suppl\u00e9ments G\u00e9lifi\u00e9s - Probiotiques sous Forme de G\u00e9lifi\u00e9s - Life Science Nutritionals - Acton Vale, Quebec\",\"isPartOf\":{\"@id\":\"https:\\\/\\\/lifescinutritionals.com\\\/fr\\\/#website\"},\"primaryImageOfPage\":{\"@id\":\"https:\\\/\\\/lifescinutritionals.com\\\/fr\\\/qui-sommes-nous\\\/#primaryimage\"},\"image\":{\"@id\":\"https:\\\/\\\/lifescinutritionals.com\\\/fr\\\/qui-sommes-nous\\\/#primaryimage\"},\"thumbnailUrl\":\"https:\\\/\\\/lifescinutritionals.com\\\/wp-content\\\/uploads\\\/\\\/Multi-9-1024x884.jpeg\",\"datePublished\":\"2021-03-04T17:02:09+00:00\",\"dateModified\":\"2024-11-14T16:23:13+00:00\",\"description\":\"Life Science Nutritionals (LSN) est le principal fabricant contractuel de syst\u00e8mes de distribution de confiseries enrichies pour les march\u00e9s probiotiques. Nous fabriquons \u00e9galement des bonbons g\u00e9lifi\u00e9s certifi\u00e9s biologiques et sans OGM avec des ingr\u00e9dients de la plus haute qualit\u00e9\",\"breadcrumb\":{\"@id\":\"https:\\\/\\\/lifescinutritionals.com\\\/fr\\\/qui-sommes-nous\\\/#breadcrumb\"},\"inLanguage\":\"fr-FR\",\"potentialAction\":[{\"@type\":\"ReadAction\",\"target\":[\"https:\\\/\\\/lifescinutritionals.com\\\/fr\\\/qui-sommes-nous\\\/\"]}]},{\"@type\":\"ImageObject\",\"inLanguage\":\"fr-FR\",\"@id\":\"https:\\\/\\\/lifescinutritionals.com\\\/fr\\\/qui-sommes-nous\\\/#primaryimage\",\"url\":\"https:\\\/\\\/lifescinutritionals.com\\\/wp-content\\\/uploads\\\/\\\/Multi-9-1024x884.jpeg\",\"contentUrl\":\"https:\\\/\\\/lifescinutritionals.com\\\/wp-content\\\/uploads\\\/\\\/Multi-9-1024x884.jpeg\"},{\"@type\":\"BreadcrumbList\",\"@id\":\"https:\\\/\\\/lifescinutritionals.com\\\/fr\\\/qui-sommes-nous\\\/#breadcrumb\",\"itemListElement\":[{\"@type\":\"ListItem\",\"position\":1,\"name\":\"Home\",\"item\":\"https:\\\/\\\/lifescinutritionals.com\\\/fr\\\/\"},{\"@type\":\"ListItem\",\"position\":2,\"name\":\"Qui sommes-nous?\"}]},{\"@type\":\"WebSite\",\"@id\":\"https:\\\/\\\/lifescinutritionals.com\\\/fr\\\/#website\",\"url\":\"https:\\\/\\\/lifescinutritionals.com\\\/fr\\\/\",\"name\":\"Life Science Nutritionals\",\"description\":\"\",\"publisher\":{\"@id\":\"https:\\\/\\\/lifescinutritionals.com\\\/fr\\\/#organization\"},\"potentialAction\":[{\"@type\":\"SearchAction\",\"target\":{\"@type\":\"EntryPoint\",\"urlTemplate\":\"https:\\\/\\\/lifescinutritionals.com\\\/fr\\\/?s={search_term_string}\"},\"query-input\":{\"@type\":\"PropertyValueSpecification\",\"valueRequired\":true,\"valueName\":\"search_term_string\"}}],\"inLanguage\":\"fr-FR\"},{\"@type\":\"Organization\",\"@id\":\"https:\\\/\\\/lifescinutritionals.com\\\/fr\\\/#organization\",\"name\":\"Life Science Nutritionals\",\"url\":\"https:\\\/\\\/lifescinutritionals.com\\\/fr\\\/\",\"logo\":{\"@type\":\"ImageObject\",\"inLanguage\":\"fr-FR\",\"@id\":\"https:\\\/\\\/lifescinutritionals.com\\\/fr\\\/#\\\/schema\\\/logo\\\/image\\\/\",\"url\":\"https:\\\/\\\/lifescinutritionals.com\\\/wp-content\\\/uploads\\\/logo-LSN-horizontal-min.jpg\",\"contentUrl\":\"https:\\\/\\\/lifescinutritionals.com\\\/wp-content\\\/uploads\\\/logo-LSN-horizontal-min.jpg\",\"width\":575,\"height\":133,\"caption\":\"Life Science Nutritionals\"},\"image\":{\"@id\":\"https:\\\/\\\/lifescinutritionals.com\\\/fr\\\/#\\\/schema\\\/logo\\\/image\\\/\"},\"sameAs\":[\"https:\\\/\\\/www.facebook.com\\\/lsncanada\\\/\"]}]}<\/script>\n<!-- \/ Yoast SEO plugin. -->","yoast_head_json":{"title":"Fabricant de Suppl\u00e9ments G\u00e9lifi\u00e9s - Probiotiques sous Forme de G\u00e9lifi\u00e9s - Life Science Nutritionals - Acton Vale, Quebec","description":"Life Science Nutritionals (LSN) est le principal fabricant contractuel de syst\u00e8mes de distribution de confiseries enrichies pour les march\u00e9s probiotiques. Nous fabriquons \u00e9galement des bonbons g\u00e9lifi\u00e9s certifi\u00e9s biologiques et sans OGM avec des ingr\u00e9dients de la plus haute qualit\u00e9","robots":{"index":"index","follow":"follow","max-snippet":"max-snippet:-1","max-image-preview":"max-image-preview:large","max-video-preview":"max-video-preview:-1"},"canonical":"https:\/\/lifescinutritionals.com\/fr\/qui-sommes-nous\/","og_locale":"fr_FR","og_type":"article","og_title":"Fabricant de Suppl\u00e9ments G\u00e9lifi\u00e9s - Probiotiques sous Forme de G\u00e9lifi\u00e9s - Life Science Nutritionals - Acton Vale, Quebec","og_description":"Life Science Nutritionals (LSN) est le principal fabricant contractuel de syst\u00e8mes de distribution de confiseries enrichies pour les march\u00e9s probiotiques. Nous fabriquons \u00e9galement des bonbons g\u00e9lifi\u00e9s certifi\u00e9s biologiques et sans OGM avec des ingr\u00e9dients de la plus haute qualit\u00e9","og_url":"https:\/\/lifescinutritionals.com\/fr\/qui-sommes-nous\/","og_site_name":"Life Science Nutritionals","article_publisher":"https:\/\/www.facebook.com\/lsncanada\/","article_modified_time":"2024-11-14T16:23:13+00:00","og_image":[{"width":1618,"height":1080,"url":"https:\/\/lifescinutritionals.com\/wp-content\/uploads\/gummies-10-web-min.jpg","type":"image\/jpeg"}],"twitter_card":"summary_large_image","twitter_misc":{"Dur\u00e9e de lecture estim\u00e9e":"3 minutes"},"schema":{"@context":"https:\/\/schema.org","@graph":[{"@type":"WebPage","@id":"https:\/\/lifescinutritionals.com\/fr\/qui-sommes-nous\/","url":"https:\/\/lifescinutritionals.com\/fr\/qui-sommes-nous\/","name":"Fabricant de Suppl\u00e9ments G\u00e9lifi\u00e9s - Probiotiques sous Forme de G\u00e9lifi\u00e9s - Life Science Nutritionals - Acton Vale, Quebec","isPartOf":{"@id":"https:\/\/lifescinutritionals.com\/fr\/#website"},"primaryImageOfPage":{"@id":"https:\/\/lifescinutritionals.com\/fr\/qui-sommes-nous\/#primaryimage"},"image":{"@id":"https:\/\/lifescinutritionals.com\/fr\/qui-sommes-nous\/#primaryimage"},"thumbnailUrl":"https:\/\/lifescinutritionals.com\/wp-content\/uploads\/\/Multi-9-1024x884.jpeg","datePublished":"2021-03-04T17:02:09+00:00","dateModified":"2024-11-14T16:23:13+00:00","description":"Life Science Nutritionals (LSN) est le principal fabricant contractuel de syst\u00e8mes de distribution de confiseries enrichies pour les march\u00e9s probiotiques. Nous fabriquons \u00e9galement des bonbons g\u00e9lifi\u00e9s certifi\u00e9s biologiques et sans OGM avec des ingr\u00e9dients de la plus haute qualit\u00e9","breadcrumb":{"@id":"https:\/\/lifescinutritionals.com\/fr\/qui-sommes-nous\/#breadcrumb"},"inLanguage":"fr-FR","potentialAction":[{"@type":"ReadAction","target":["https:\/\/lifescinutritionals.com\/fr\/qui-sommes-nous\/"]}]},{"@type":"ImageObject","inLanguage":"fr-FR","@id":"https:\/\/lifescinutritionals.com\/fr\/qui-sommes-nous\/#primaryimage","url":"https:\/\/lifescinutritionals.com\/wp-content\/uploads\/\/Multi-9-1024x884.jpeg","contentUrl":"https:\/\/lifescinutritionals.com\/wp-content\/uploads\/\/Multi-9-1024x884.jpeg"},{"@type":"BreadcrumbList","@id":"https:\/\/lifescinutritionals.com\/fr\/qui-sommes-nous\/#breadcrumb","itemListElement":[{"@type":"ListItem","position":1,"name":"Home","item":"https:\/\/lifescinutritionals.com\/fr\/"},{"@type":"ListItem","position":2,"name":"Qui sommes-nous?"}]},{"@type":"WebSite","@id":"https:\/\/lifescinutritionals.com\/fr\/#website","url":"https:\/\/lifescinutritionals.com\/fr\/","name":"Life Science Nutritionals","description":"","publisher":{"@id":"https:\/\/lifescinutritionals.com\/fr\/#organization"},"potentialAction":[{"@type":"SearchAction","target":{"@type":"EntryPoint","urlTemplate":"https:\/\/lifescinutritionals.com\/fr\/?s={search_term_string}"},"query-input":{"@type":"PropertyValueSpecification","valueRequired":true,"valueName":"search_term_string"}}],"inLanguage":"fr-FR"},{"@type":"Organization","@id":"https:\/\/lifescinutritionals.com\/fr\/#organization","name":"Life Science Nutritionals","url":"https:\/\/lifescinutritionals.com\/fr\/","logo":{"@type":"ImageObject","inLanguage":"fr-FR","@id":"https:\/\/lifescinutritionals.com\/fr\/#\/schema\/logo\/image\/","url":"https:\/\/lifescinutritionals.com\/wp-content\/uploads\/logo-LSN-horizontal-min.jpg","contentUrl":"https:\/\/lifescinutritionals.com\/wp-content\/uploads\/logo-LSN-horizontal-min.jpg","width":575,"height":133,"caption":"Life Science Nutritionals"},"image":{"@id":"https:\/\/lifescinutritionals.com\/fr\/#\/schema\/logo\/image\/"},"sameAs":["https:\/\/www.facebook.com\/lsncanada\/"]}]}},"_links":{"self":[{"href":"https:\/\/lifescinutritionals.com\/fr\/wp-json\/wp\/v2\/pages\/14537","targetHints":{"allow":["GET"]}}],"collection":[{"href":"https:\/\/lifescinutritionals.com\/fr\/wp-json\/wp\/v2\/pages"}],"about":[{"href":"https:\/\/lifescinutritionals.com\/fr\/wp-json\/wp\/v2\/types\/page"}],"author":[{"embeddable":true,"href":"https:\/\/lifescinutritionals.com\/fr\/wp-json\/wp\/v2\/users\/2"}],"replies":[{"embeddable":true,"href":"https:\/\/lifescinutritionals.com\/fr\/wp-json\/wp\/v2\/comments?post=14537"}],"version-history":[{"count":4,"href":"https:\/\/lifescinutritionals.com\/fr\/wp-json\/wp\/v2\/pages\/14537\/revisions"}],"predecessor-version":[{"id":14619,"href":"https:\/\/lifescinutritionals.com\/fr\/wp-json\/wp\/v2\/pages\/14537\/revisions\/14619"}],"wp:attachment":[{"href":"https:\/\/lifescinutritionals.com\/fr\/wp-json\/wp\/v2\/media?parent=14537"}],"curies":[{"name":"wp","href":"https:\/\/api.w.org\/{rel}","templated":true}]}}