{"id":14532,"date":"2021-03-04T16:56:39","date_gmt":"2021-03-04T16:56:39","guid":{"rendered":"https:\/\/lifescinutritionals.com\/?page_id=14532"},"modified":"2024-11-13T18:35:42","modified_gmt":"2024-11-13T18:35:42","slug":"accueil","status":"publish","type":"page","link":"https:\/\/lifescinutritionals.com\/fr\/","title":{"rendered":"Accueil"},"content":{"rendered":"<h1>BIENVENUE CHEZ LIFE SCIENCE NUTRITIONALS<\/h1>\n<p>Chez Life Science Nutritionals (LSN), nous croyons que votre sant\u00e9 est votre plus grand atout. C\u2019est pourquoi nous nous engageons \u00e0 d\u00e9velopper des produits nutritionnels qui offrent une qualit\u00e9 sans compromis et des bienfaits sur la sant\u00e9. En formulant des produits bas\u00e9s sur une science moderne et une technologie innovante, nous sommes en mesure de proposer une gamme unique de produits avec une v\u00e9ritable valeur nutritionnelle pour aider les gens \u00e0 vivre une vie plus saine et plus \u00e9panouissante.<\/p>\n<p>Fond\u00e9e en 2005, Life Science Nutritionals se sp\u00e9cialise dans la fabrication de suppl\u00e9ments alimentaires g\u00e9lifi\u00e9s de premi\u00e8re qualit\u00e9 pour enfants et adultes. Notre objectif est de d\u00e9velopper des formulations innovantes qui rendent la prise de vos vitamines quotidiennes amusante (et savoureuse)!<\/p>\n<p>Acquise en 2015 par Santa Cruz Nutritionals, LSN a commenc\u00e9 \u00e0 fabriquer des probiotiques sous forme de g\u00e9lifi\u00e9s, devenant la premi\u00e8re usine en Am\u00e9rique du Nord \u00e0 en fabriquer.<\/p>\n<p>Tous nos produits sont fabriqu\u00e9s dans notre usine  situ\u00e9e \u00e0 Acton Vale au Qu\u00e9bec. Au Canada, nous avons le mandat de maintenir les normes de qualit\u00e9 les plus \u00e9lev\u00e9es. Nous maintenons ces normes de notre cha\u00eene d&rsquo;approvisionnement \u00e0 nos processus de fabrication, ce qui nous permet de garantir que nos produits sont sans produit laitier, sans gluten et sans noix.<\/p>\n","protected":false},"excerpt":{"rendered":"<p>BIENVENUE CHEZ LIFE SCIENCE NUTRITIONALS Chez Life Science Nutritionals (LSN), nous croyons que votre sant\u00e9 est votre plus grand atout. C\u2019est pourquoi nous nous engageons \u00e0 d\u00e9velopper des produits nutritionnels qui offrent une qualit\u00e9 sans compromis et des bienfaits sur la sant\u00e9. En formulant des produits bas\u00e9s sur une science moderne et une technologie innovante, [&hellip;]<\/p>\n","protected":false},"author":2,"featured_media":0,"parent":0,"menu_order":0,"comment_status":"closed","ping_status":"closed","template":"","meta":{"_acf_changed":false,"footnotes":""},"class_list":["post-14532","page","type-page","status-publish","hentry"],"acf":[],"yoast_head":"<!-- This site is optimized with the Yoast SEO plugin v27.4 - https:\/\/yoast.com\/product\/yoast-seo-wordpress\/ -->\n<title>Fabricant de Suppl\u00e9ments G\u00e9lifi\u00e9s - Probiotiques sous Forme de G\u00e9lifi\u00e9s - Life Science Nutritionals - Acton Vale, Quebec<\/title>\n<meta name=\"description\" content=\"Life Science Nutritionals (LSN) est le principal fabricant contractuel de syst\u00e8mes de distribution de confiseries enrichies pour les march\u00e9s probiotiques. Nous fabriquons \u00e9galement des bonbons g\u00e9lifi\u00e9s certifi\u00e9s biologiques et sans OGM avec des ingr\u00e9dients de la plus haute qualit\u00e9\" \/>\n<meta name=\"robots\" content=\"index, follow, max-snippet:-1, max-image-preview:large, max-video-preview:-1\" \/>\n<link rel=\"canonical\" href=\"https:\/\/lifescinutritionals.com\/fr\/\" \/>\n<meta property=\"og:locale\" content=\"fr_FR\" \/>\n<meta property=\"og:type\" content=\"article\" \/>\n<meta property=\"og:title\" content=\"Fabricant de Suppl\u00e9ments G\u00e9lifi\u00e9s - Probiotiques sous Forme de G\u00e9lifi\u00e9s - Life Science Nutritionals - Acton Vale, Quebec\" \/>\n<meta property=\"og:description\" content=\"Life Science Nutritionals (LSN) est le principal fabricant contractuel de syst\u00e8mes de distribution de confiseries enrichies pour les march\u00e9s probiotiques. Nous fabriquons \u00e9galement des bonbons g\u00e9lifi\u00e9s certifi\u00e9s biologiques et sans OGM avec des ingr\u00e9dients de la plus haute qualit\u00e9\" \/>\n<meta property=\"og:url\" content=\"https:\/\/lifescinutritionals.com\/fr\/\" \/>\n<meta property=\"og:site_name\" content=\"Life Science Nutritionals\" \/>\n<meta property=\"article:publisher\" content=\"https:\/\/www.facebook.com\/lsncanada\/\" \/>\n<meta property=\"article:modified_time\" content=\"2024-11-13T18:35:42+00:00\" \/>\n<meta name=\"twitter:card\" content=\"summary_large_image\" \/>\n<meta name=\"twitter:label1\" content=\"Dur\u00e9e de lecture estim\u00e9e\" \/>\n\t<meta name=\"twitter:data1\" content=\"1 minute\" \/>\n<script type=\"application\/ld+json\" class=\"yoast-schema-graph\">{\"@context\":\"https:\\\/\\\/schema.org\",\"@graph\":[{\"@type\":\"WebPage\",\"@id\":\"https:\\\/\\\/lifescinutritionals.com\\\/fr\\\/\",\"url\":\"https:\\\/\\\/lifescinutritionals.com\\\/fr\\\/\",\"name\":\"Fabricant de Suppl\u00e9ments G\u00e9lifi\u00e9s - Probiotiques sous Forme de G\u00e9lifi\u00e9s - Life Science Nutritionals - Acton Vale, Quebec\",\"isPartOf\":{\"@id\":\"https:\\\/\\\/lifescinutritionals.com\\\/fr\\\/#website\"},\"datePublished\":\"2021-03-04T16:56:39+00:00\",\"dateModified\":\"2024-11-13T18:35:42+00:00\",\"description\":\"Life Science Nutritionals (LSN) est le principal fabricant contractuel de syst\u00e8mes de distribution de confiseries enrichies pour les march\u00e9s probiotiques. Nous fabriquons \u00e9galement des bonbons g\u00e9lifi\u00e9s certifi\u00e9s biologiques et sans OGM avec des ingr\u00e9dients de la plus haute qualit\u00e9\",\"breadcrumb\":{\"@id\":\"https:\\\/\\\/lifescinutritionals.com\\\/fr\\\/#breadcrumb\"},\"inLanguage\":\"fr-FR\",\"potentialAction\":[{\"@type\":\"ReadAction\",\"target\":[\"https:\\\/\\\/lifescinutritionals.com\\\/fr\\\/\"]}]},{\"@type\":\"BreadcrumbList\",\"@id\":\"https:\\\/\\\/lifescinutritionals.com\\\/fr\\\/#breadcrumb\",\"itemListElement\":[{\"@type\":\"ListItem\",\"position\":1,\"name\":\"Home\",\"item\":\"https:\\\/\\\/lifescinutritionals.com\\\/fr\\\/\"},{\"@type\":\"ListItem\",\"position\":2,\"name\":\"Accueil\"}]},{\"@type\":\"WebSite\",\"@id\":\"https:\\\/\\\/lifescinutritionals.com\\\/fr\\\/#website\",\"url\":\"https:\\\/\\\/lifescinutritionals.com\\\/fr\\\/\",\"name\":\"Life Science Nutritionals\",\"description\":\"\",\"publisher\":{\"@id\":\"https:\\\/\\\/lifescinutritionals.com\\\/fr\\\/#organization\"},\"potentialAction\":[{\"@type\":\"SearchAction\",\"target\":{\"@type\":\"EntryPoint\",\"urlTemplate\":\"https:\\\/\\\/lifescinutritionals.com\\\/fr\\\/?s={search_term_string}\"},\"query-input\":{\"@type\":\"PropertyValueSpecification\",\"valueRequired\":true,\"valueName\":\"search_term_string\"}}],\"inLanguage\":\"fr-FR\"},{\"@type\":\"Organization\",\"@id\":\"https:\\\/\\\/lifescinutritionals.com\\\/fr\\\/#organization\",\"name\":\"Life Science Nutritionals\",\"url\":\"https:\\\/\\\/lifescinutritionals.com\\\/fr\\\/\",\"logo\":{\"@type\":\"ImageObject\",\"inLanguage\":\"fr-FR\",\"@id\":\"https:\\\/\\\/lifescinutritionals.com\\\/fr\\\/#\\\/schema\\\/logo\\\/image\\\/\",\"url\":\"https:\\\/\\\/lifescinutritionals.com\\\/wp-content\\\/uploads\\\/logo-LSN-horizontal-min.jpg\",\"contentUrl\":\"https:\\\/\\\/lifescinutritionals.com\\\/wp-content\\\/uploads\\\/logo-LSN-horizontal-min.jpg\",\"width\":575,\"height\":133,\"caption\":\"Life Science Nutritionals\"},\"image\":{\"@id\":\"https:\\\/\\\/lifescinutritionals.com\\\/fr\\\/#\\\/schema\\\/logo\\\/image\\\/\"},\"sameAs\":[\"https:\\\/\\\/www.facebook.com\\\/lsncanada\\\/\"]}]}<\/script>\n<!-- \/ Yoast SEO plugin. -->","yoast_head_json":{"title":"Fabricant de Suppl\u00e9ments G\u00e9lifi\u00e9s - Probiotiques sous Forme de G\u00e9lifi\u00e9s - Life Science Nutritionals - Acton Vale, Quebec","description":"Life Science Nutritionals (LSN) est le principal fabricant contractuel de syst\u00e8mes de distribution de confiseries enrichies pour les march\u00e9s probiotiques. Nous fabriquons \u00e9galement des bonbons g\u00e9lifi\u00e9s certifi\u00e9s biologiques et sans OGM avec des ingr\u00e9dients de la plus haute qualit\u00e9","robots":{"index":"index","follow":"follow","max-snippet":"max-snippet:-1","max-image-preview":"max-image-preview:large","max-video-preview":"max-video-preview:-1"},"canonical":"https:\/\/lifescinutritionals.com\/fr\/","og_locale":"fr_FR","og_type":"article","og_title":"Fabricant de Suppl\u00e9ments G\u00e9lifi\u00e9s - Probiotiques sous Forme de G\u00e9lifi\u00e9s - Life Science Nutritionals - Acton Vale, Quebec","og_description":"Life Science Nutritionals (LSN) est le principal fabricant contractuel de syst\u00e8mes de distribution de confiseries enrichies pour les march\u00e9s probiotiques. Nous fabriquons \u00e9galement des bonbons g\u00e9lifi\u00e9s certifi\u00e9s biologiques et sans OGM avec des ingr\u00e9dients de la plus haute qualit\u00e9","og_url":"https:\/\/lifescinutritionals.com\/fr\/","og_site_name":"Life Science Nutritionals","article_publisher":"https:\/\/www.facebook.com\/lsncanada\/","article_modified_time":"2024-11-13T18:35:42+00:00","twitter_card":"summary_large_image","twitter_misc":{"Dur\u00e9e de lecture estim\u00e9e":"1 minute"},"schema":{"@context":"https:\/\/schema.org","@graph":[{"@type":"WebPage","@id":"https:\/\/lifescinutritionals.com\/fr\/","url":"https:\/\/lifescinutritionals.com\/fr\/","name":"Fabricant de Suppl\u00e9ments G\u00e9lifi\u00e9s - Probiotiques sous Forme de G\u00e9lifi\u00e9s - Life Science Nutritionals - Acton Vale, Quebec","isPartOf":{"@id":"https:\/\/lifescinutritionals.com\/fr\/#website"},"datePublished":"2021-03-04T16:56:39+00:00","dateModified":"2024-11-13T18:35:42+00:00","description":"Life Science Nutritionals (LSN) est le principal fabricant contractuel de syst\u00e8mes de distribution de confiseries enrichies pour les march\u00e9s probiotiques. Nous fabriquons \u00e9galement des bonbons g\u00e9lifi\u00e9s certifi\u00e9s biologiques et sans OGM avec des ingr\u00e9dients de la plus haute qualit\u00e9","breadcrumb":{"@id":"https:\/\/lifescinutritionals.com\/fr\/#breadcrumb"},"inLanguage":"fr-FR","potentialAction":[{"@type":"ReadAction","target":["https:\/\/lifescinutritionals.com\/fr\/"]}]},{"@type":"BreadcrumbList","@id":"https:\/\/lifescinutritionals.com\/fr\/#breadcrumb","itemListElement":[{"@type":"ListItem","position":1,"name":"Home","item":"https:\/\/lifescinutritionals.com\/fr\/"},{"@type":"ListItem","position":2,"name":"Accueil"}]},{"@type":"WebSite","@id":"https:\/\/lifescinutritionals.com\/fr\/#website","url":"https:\/\/lifescinutritionals.com\/fr\/","name":"Life Science Nutritionals","description":"","publisher":{"@id":"https:\/\/lifescinutritionals.com\/fr\/#organization"},"potentialAction":[{"@type":"SearchAction","target":{"@type":"EntryPoint","urlTemplate":"https:\/\/lifescinutritionals.com\/fr\/?s={search_term_string}"},"query-input":{"@type":"PropertyValueSpecification","valueRequired":true,"valueName":"search_term_string"}}],"inLanguage":"fr-FR"},{"@type":"Organization","@id":"https:\/\/lifescinutritionals.com\/fr\/#organization","name":"Life Science Nutritionals","url":"https:\/\/lifescinutritionals.com\/fr\/","logo":{"@type":"ImageObject","inLanguage":"fr-FR","@id":"https:\/\/lifescinutritionals.com\/fr\/#\/schema\/logo\/image\/","url":"https:\/\/lifescinutritionals.com\/wp-content\/uploads\/logo-LSN-horizontal-min.jpg","contentUrl":"https:\/\/lifescinutritionals.com\/wp-content\/uploads\/logo-LSN-horizontal-min.jpg","width":575,"height":133,"caption":"Life Science Nutritionals"},"image":{"@id":"https:\/\/lifescinutritionals.com\/fr\/#\/schema\/logo\/image\/"},"sameAs":["https:\/\/www.facebook.com\/lsncanada\/"]}]}},"_links":{"self":[{"href":"https:\/\/lifescinutritionals.com\/fr\/wp-json\/wp\/v2\/pages\/14532","targetHints":{"allow":["GET"]}}],"collection":[{"href":"https:\/\/lifescinutritionals.com\/fr\/wp-json\/wp\/v2\/pages"}],"about":[{"href":"https:\/\/lifescinutritionals.com\/fr\/wp-json\/wp\/v2\/types\/page"}],"author":[{"embeddable":true,"href":"https:\/\/lifescinutritionals.com\/fr\/wp-json\/wp\/v2\/users\/2"}],"replies":[{"embeddable":true,"href":"https:\/\/lifescinutritionals.com\/fr\/wp-json\/wp\/v2\/comments?post=14532"}],"version-history":[{"count":8,"href":"https:\/\/lifescinutritionals.com\/fr\/wp-json\/wp\/v2\/pages\/14532\/revisions"}],"predecessor-version":[{"id":14684,"href":"https:\/\/lifescinutritionals.com\/fr\/wp-json\/wp\/v2\/pages\/14532\/revisions\/14684"}],"wp:attachment":[{"href":"https:\/\/lifescinutritionals.com\/fr\/wp-json\/wp\/v2\/media?parent=14532"}],"curies":[{"name":"wp","href":"https:\/\/api.w.org\/{rel}","templated":true}]}}